{"id":13779,"date":"2021-10-06T18:02:28","date_gmt":"2021-10-06T18:02:28","guid":{"rendered":"https:\/\/esclaustre.com\/iv-premis-de-la-musica-balear\/"},"modified":"2022-03-26T18:57:40","modified_gmt":"2022-03-26T18:57:40","slug":"iv-premis-de-la-musica-balear","status":"publish","type":"page","link":"https:\/\/esclaustre.com\/en\/iv-premis-de-la-musica-balear\/","title":{"rendered":"IV Premis de la M\u00fasica Balear"},"content":{"rendered":"<p>[ bb_built=&#8221;1&#8243;][et_pb_row][et_pb_column type=&#8221;2_3&#8243;][et_pb_image _builder_version=&#8221;3.0.64&#8243; show_in_lightbox=&#8221;off&#8221; url_new_window=&#8221;off&#8221; use_overlay=&#8221;off&#8221; sticky=&#8221;off&#8221; align=&#8221;left&#8221; always_center_on_mobile=&#8221;on&#8221; border_style=&#8221;solid&#8221; force_fullwidth=&#8221;off&#8221; src=&#8221;https:\/\/esclaustre.com\/wp-content\/uploads\/2021\/10\/IV-Premis_Musica_Balear.jpg&#8221; \/][\/et_pb_column][et_pb_column type=&#8221;1_3&#8243;][et_pb_text _builder_version=&#8221;3.0.64&#8243; background_layout=&#8221;light&#8221; text_orientation=&#8221;left&#8221; border_style=&#8221;solid&#8221;]<\/p>\n<p><span style=\"font-weight: 300;\"><u style=\"font-weight: 300;\">Millor disc de l&#8217;any \/ millor disc de jazz i cl\u00e0ssica<\/u><br style=\"font-weight: 300;\" \/><b><strong>MARZO MEZQUIDA<\/strong><\/b> &#8211; <em style=\"font-weight: 300;\">Talism\u00e1n<\/em> (autoeditat, 2020)<br style=\"font-weight: 300;\" \/><br style=\"font-weight: 300;\" \/><u style=\"font-weight: 300;\">Millor disc de pop-rock i urbana<\/u><br style=\"font-weight: 300;\" \/><b><strong>SA\u00cfM<\/strong><\/b> &#8211; <em style=\"font-weight: 300;\">Fr\u00e0gil<\/em> (BCore Disc, 2021)<br style=\"font-weight: 300;\" \/><br style=\"font-weight: 300;\" \/><u style=\"font-weight: 300;\">Millor disc de can\u00e7\u00f3 d&#8217;autor i folk<\/u><br style=\"font-weight: 300;\" \/><b><strong>MARIA DEL MAR BONET amb BORJA PENALBA<\/strong><\/b> &#8211; <em style=\"font-weight: 300;\">Maria del Mar Bonet amb Borja Penalba<\/em> (Blau, 2020)<br style=\"font-weight: 300;\" \/><br style=\"font-weight: 300;\" \/><u style=\"font-weight: 300;\">Premi especial del jurat<\/u><br style=\"font-weight: 300;\" \/><b><strong>MIQUEL SERRA<\/strong><\/b> &#8211; <em style=\"font-weight: 300;\">Can\u00e7ons de Joan Serra<\/em> (Foehn Records, 2021)<br style=\"font-weight: 300;\" \/><br style=\"font-weight: 300;\" \/><u style=\"font-weight: 300;\">Premi disc revelaci\u00f3<\/u><br style=\"font-weight: 300;\" \/><b><strong>MARIA JAUME<\/strong><\/b> &#8211; <em style=\"font-weight: 300;\">Fins a maig no revisc<\/em> (Bankrobber, 2020)<br style=\"font-weight: 300;\" \/><\/span><\/p>\n<p>[\/et_pb_text][\/et_pb_column][\/et_pb_row][et_pb_row][et_pb_column type=&#8221;4_4&#8243;][et_pb_text _builder_version=&#8221;3.0.64&#8243; background_layout=&#8221;light&#8221; text_orientation=&#8221;left&#8221; border_style=&#8221;solid&#8221;]<\/p>\n<h1 class=\"h2noticia titulocategoria1492\"><strong>IV Premis Enderrock de la M\u00fasica Balear<\/strong><\/h1>\n<p>&nbsp;<\/p>\n<p class=\"h3noticia\">L&#8217;\u00e0lbum \u00abTalism\u00e1n\u00bb del pianista menorqu\u00ed <strong>Marco Mezquida<\/strong> ha estat elegit Premi Enderrock de la Cr\u00edtica com a millor disc balear de l\u2019any.<\/p>\n<p class=\"h3noticia\"><i class=\"fa fa-fw fa-caret-right\"><\/i><strong>Maria del Mar Bonet<\/strong> amb <strong>Borja Penalba<\/strong> \u00e9s el millor disc de can\u00e7\u00f3 i \u00abFr\u00e0gil\u00bb de Sa\u00efm, el millor de pop-rock<\/p>\n<p class=\"h3noticia\"><i class=\"fa fa-fw fa-caret-right\"><\/i> El premi especial del jurat \u00e9s per a \u00abCan\u00e7ons de Joan Serra\u00bb de <strong>Miquel Serra<\/strong>, i \u00abFins a maig no revisc\u00bb de <strong>Maria Jaume<\/strong> ha estat elegit millor disc revelaci\u00f3.<\/p>\n<p class=\"h3noticia\"><i class=\"fa fa-fw fa-caret-right\"><\/i> La gala dels <span style=\"color: #000000;\"><strong>IV Premis de la M\u00fasica Balear<\/strong> <\/span>se celebrar\u00e0 el <strong><span style=\"color: #000000;\">25 de novembre<\/span><\/strong> al <strong>Teatre Xesc Forteza<\/strong> de Palma<\/p>\n<p class=\"h3noticia\"><i class=\"fa fa-fw fa-caret-right\"><\/i> La nit de la m\u00fasica balear estrenar\u00e0 can\u00e7ons de <strong>Kard&#8217;s Piken<\/strong> + <strong>Joan Bibiloni, Maria Hein, Re\u00efna, Alanaire, Baaldo<\/strong> + <strong>Amulet<\/strong>, <strong>Donallop<\/strong> i <strong>Janti\u00e0<\/strong><\/p>\n<p>La revista <span style=\"color: #ff0000;\"><strong><a style=\"color: #ff0000;\" href=\"https:\/\/www.enderrock.cat\/\" target=\"_blank\" rel=\"noopener\">Enderrock<\/a> <\/strong><\/span>ha anunciat la celebraci\u00f3 de la quarta edici\u00f3 de la gala dels Premis de la M\u00fasica Balear 2021 prevista pel 25 de novembre al Teatre Xesc Forteza de Palma, que inclou els cinc nous guardons de la cr\u00edtica als millors discos de l\u2019any, a m\u00e9s dels premis de la votaci\u00f3 popular. L\u2019acte est\u00e0 organitzat pel Grup Enderrock amb la col\u00b7laboraci\u00f3 de l\u2019<strong>Obra Cultural Balear<\/strong>, i t\u00e9 el suport de l\u2019<strong>Ajuntament de Palma<\/strong> i el <strong>Govern de les Illes Balears<\/strong> amb el patrocini d\u2019<strong>Estrella Damm<\/strong>.<\/p>\n<p>Els Premis Enderrock de la Cr\u00edtica de la M\u00fasica Balear han estat seleccionats a partir de les aportacions d\u2019una vintena de periodistes i professionals de la m\u00fasica vinculats a la revista Enderrock i als principals mitjans de comunicaci\u00f3 illencs: Anna de la Salud (IB3 i S&#8217;Altra M\u00fasica),\u00a0Cati Moy\u00e0 (IB3 &#8211; Els Entusiastes),\u00a0Clara Ferrer (\u00daltima Hora),\u00a0Joan Farr\u00e9s (Ona Mediterr\u00e0nia), Joan Trias (IB3 R\u00e0dio),\u00a0Margalida Mateu (Ara Balears),\u00a0Nacho Jim\u00e9nez (\u00daltima Hora),\u00a0Noem\u00ed Garcies (IB3),\u00a0Tito Fuster (IB3 R\u00e0dio &#8211; \u00d2rbita 3 i BN MCA Radio),\u00a0Toni Jaume (S&#8217;Altra M\u00fasica),\u00a0V\u00edctor Manuel Conejo (Diari de Mallorca); i\u00a0\u00c8lia Gea,\u00a0Ferran Amado,\u00a0Helena Mor\u00e9n Alegret,\u00a0Jordi Mart\u00ed Fabra,\u00a0Jordi Novell,\u00a0Llu\u00eds Gendrau i\u00a0Sergi N\u00fa\u00f1ez del Grup Enderrock.<\/p>\n<p>En aquesta quarta edici\u00f3, la llista de guardons s&#8217;ha doblat a partir dels tres inicials (premi al millor disc de l&#8217;any, premi especial del jurat i premi al grup revelaci\u00f3) i s&#8217;han afegit quatre noves categories: premis als millors discos de pop-rock i urbana, de can\u00e7\u00f3 d&#8217;autor-folk, jazz-cl\u00e0ssica i Premi Enderrock &#8211; <strong>Obra Cultural Balear<\/strong> a una personalitat cultural.<\/p>\n<p>&nbsp;<\/p>\n<h2 style=\"font-weight: 500;\"><span style=\"font-weight: 300;\"><b><strong>IV PREMIS ENDERROCK DE VOTACI\u00d3 POPULAR DE LA M\u00daSICA BALEAR<\/strong><\/b><\/span><\/h2>\n<p><span style=\"font-weight: 300;\">La categoria de <a style=\"font-weight: 300;\" href=\"http:\/\/www.premismusicabalear.cat\/\" target=\"_blank\" rel=\"noopener\">votaci\u00f3 popular<\/a> ha obert avui la primera volta fins al 24 d&#8217;octubre. Tothom que ho vulgui hi podr\u00e0 participar elegint els seus discos, can\u00e7ons i directes preferits en les categories de millor artista, millor artista revelaci\u00f3, millor can\u00e7\u00f3, millor disc de pop-rock, millor disc de m\u00fasica urbana, millor disc de can\u00e7\u00f3 d\u2019autor, millor disc de folk, millor disc de jazz, millor disc de cl\u00e0ssica i millor disc en llengua no catalana.<\/span><br style=\"font-weight: 300;\" \/><br style=\"font-weight: 300;\" \/><span style=\"font-weight: 300;\">\u00a0<\/span><\/p>\n<p style=\"font-weight: 300;\"><span style=\"font-weight: 300;\"><b><strong>&gt;&gt;<\/strong><\/b> <a style=\"font-weight: 300;\" href=\"http:\/\/www.premismusicabalear.cat\/\" target=\"_blank\" rel=\"noopener\"><b><strong>VOTA AQU\u00cd<\/strong><\/b><\/a> <b><strong>&lt;&lt;<\/strong><\/b><\/span><\/p>\n<p><span style=\"font-weight: 300;\">\u00a0<\/span><\/p>\n<p>&nbsp;<\/p>\n<p>&nbsp;<\/p>\n<h1 class=\"h2noticia titulocategoria1492\"><\/h1>\n<h3 class=\"h3noticia\"><\/h3>\n<p>[\/et_pb_text][\/et_pb_column][\/et_pb_row][\/]<\/p>\n","protected":false},"excerpt":{"rendered":"<p>S&#8217;obre votaci\u00f3 popular dels IV Premis Enderrock de la M\u00fasica Balear.<\/p>\n","protected":false},"author":1,"featured_media":13776,"parent":0,"menu_order":0,"comment_status":"closed","ping_status":"closed","template":"","meta":{"_acf_changed":false,"footnotes":""},"class_list":["post-13779","page","type-page","status-publish","has-post-thumbnail","hentry"],"acf":[],"_links":{"self":[{"href":"https:\/\/esclaustre.com\/en\/wp-json\/wp\/v2\/pages\/13779","targetHints":{"allow":["GET"]}}],"collection":[{"href":"https:\/\/esclaustre.com\/en\/wp-json\/wp\/v2\/pages"}],"about":[{"href":"https:\/\/esclaustre.com\/en\/wp-json\/wp\/v2\/types\/page"}],"author":[{"embeddable":true,"href":"https:\/\/esclaustre.com\/en\/wp-json\/wp\/v2\/users\/1"}],"replies":[{"embeddable":true,"href":"https:\/\/esclaustre.com\/en\/wp-json\/wp\/v2\/comments?post=13779"}],"version-history":[{"count":0,"href":"https:\/\/esclaustre.com\/en\/wp-json\/wp\/v2\/pages\/13779\/revisions"}],"wp:featuredmedia":[{"embeddable":true,"href":"https:\/\/esclaustre.com\/en\/wp-json\/wp\/v2\/media\/13776"}],"wp:attachment":[{"href":"https:\/\/esclaustre.com\/en\/wp-json\/wp\/v2\/media?parent=13779"}],"curies":[{"name":"wp","href":"https:\/\/api.w.org\/{rel}","templated":true}]}}