{"id":1445,"date":"2017-07-16T15:33:38","date_gmt":"2017-07-16T13:33:38","guid":{"rendered":"https:\/\/esclaustre.com\/intramurs\/"},"modified":"2026-02-12T09:34:00","modified_gmt":"2026-02-12T08:34:00","slug":"intramurs","status":"publish","type":"page","link":"https:\/\/esclaustre.com\/en\/intramurs\/","title":{"rendered":"Intramurs"},"content":{"rendered":"\t\t<div data-elementor-type=\"wp-page\" data-elementor-id=\"1445\" class=\"elementor elementor-1445 elementor-906\" data-elementor-post-type=\"page\">\n\t\t\t\t<div class=\"elementor-element elementor-element-18dc23e e-con-full e-flex e-con e-parent\" data-id=\"18dc23e\" data-element_type=\"container\" data-e-type=\"container\">\n\t\t\t\t<div class=\"elementor-element elementor-element-3ed7f75 elementor-widget elementor-widget-image-carousel\" data-id=\"3ed7f75\" data-element_type=\"widget\" data-e-type=\"widget\" data-settings=\"{&quot;slides_to_show&quot;:&quot;3&quot;,&quot;slides_to_scroll&quot;:&quot;3&quot;,&quot;navigation&quot;:&quot;none&quot;,&quot;image_spacing_custom&quot;:{&quot;unit&quot;:&quot;px&quot;,&quot;size&quot;:0,&quot;sizes&quot;:[]},&quot;autoplay_speed&quot;:50000,&quot;speed&quot;:100,&quot;autoplay&quot;:&quot;yes&quot;,&quot;pause_on_hover&quot;:&quot;yes&quot;,&quot;pause_on_interaction&quot;:&quot;yes&quot;,&quot;infinite&quot;:&quot;yes&quot;,&quot;image_spacing_custom_tablet&quot;:{&quot;unit&quot;:&quot;px&quot;,&quot;size&quot;:&quot;&quot;,&quot;sizes&quot;:[]},&quot;image_spacing_custom_mobile&quot;:{&quot;unit&quot;:&quot;px&quot;,&quot;size&quot;:&quot;&quot;,&quot;sizes&quot;:[]}}\" data-widget_type=\"image-carousel.default\">\n\t\t\t\t<div class=\"elementor-widget-container\">\n\t\t\t\t\t\t\t<div class=\"elementor-image-carousel-wrapper swiper\" role=\"region\" aria-roledescription=\"carousel\" aria-label=\"Carrusel d&#039;imatges\" dir=\"ltr\">\n\t\t\t<div class=\"elementor-image-carousel swiper-wrapper\" aria-live=\"off\">\n\t\t\t\t\t\t\t\t<div class=\"swiper-slide\" role=\"group\" aria-roledescription=\"slide\" aria-label=\"1 of 16\"><figure class=\"swiper-slide-inner\"><img decoding=\"async\" class=\"swiper-slide-image\" src=\"https:\/\/esclaustre.com\/wp-content\/uploads\/2024\/07\/STAY-HOMAS-7.jpg\" alt=\"STAY-HOMAS-7.jpg\" title=\"\"><\/figure><\/div><div class=\"swiper-slide\" role=\"group\" aria-roledescription=\"slide\" aria-label=\"2 of 16\"><figure class=\"swiper-slide-inner\"><img decoding=\"async\" class=\"swiper-slide-image\" src=\"https:\/\/esclaustre.com\/wp-content\/uploads\/2024\/07\/STAY-HOMAS-5.jpg\" alt=\"STAY-HOMAS-5.jpg\" title=\"\"><\/figure><\/div><div class=\"swiper-slide\" role=\"group\" aria-roledescription=\"slide\" aria-label=\"3 of 16\"><figure class=\"swiper-slide-inner\"><img decoding=\"async\" class=\"swiper-slide-image\" src=\"https:\/\/esclaustre.com\/wp-content\/uploads\/2024\/07\/STAY-HOMAS-4.jpg\" alt=\"STAY-HOMAS-4.jpg\" title=\"\"><\/figure><\/div><div class=\"swiper-slide\" role=\"group\" aria-roledescription=\"slide\" aria-label=\"4 of 16\"><figure class=\"swiper-slide-inner\"><img decoding=\"async\" class=\"swiper-slide-image\" src=\"https:\/\/esclaustre.com\/wp-content\/uploads\/2024\/07\/CONEJO_KANIBAL-.jpg\" alt=\"CONEJO_KANIBAL-.jpg\" title=\"\"><\/figure><\/div><div class=\"swiper-slide\" role=\"group\" aria-roledescription=\"slide\" aria-label=\"5 of 16\"><figure class=\"swiper-slide-inner\"><img decoding=\"async\" class=\"swiper-slide-image\" src=\"https:\/\/esclaustre.com\/wp-content\/uploads\/2024\/07\/CLARA-PEYA-CLAUSTRE_Foto_David_Arquimbau_Sintes_10.jpeg\" alt=\"CLARA-PEYA-CLAUSTRE_Foto_David_Arquimbau_Sintes_10.jpeg\" title=\"\"><\/figure><\/div><div class=\"swiper-slide\" role=\"group\" aria-roledescription=\"slide\" aria-label=\"6 of 16\"><figure class=\"swiper-slide-inner\"><img decoding=\"async\" class=\"swiper-slide-image\" src=\"https:\/\/esclaustre.com\/wp-content\/uploads\/2024\/07\/CLARA-PEYA-CLAUSTRE_Foto_David_Arquimbau_Sintes.jpeg\" alt=\"CLARA-PEYA-CLAUSTRE_Foto_David_Arquimbau_Sintes.jpeg\" title=\"\"><\/figure><\/div><div class=\"swiper-slide\" role=\"group\" aria-roledescription=\"slide\" aria-label=\"7 of 16\"><figure class=\"swiper-slide-inner\"><img decoding=\"async\" class=\"swiper-slide-image\" src=\"https:\/\/esclaustre.com\/wp-content\/uploads\/2024\/07\/WYOMIG_INSOLVENTES_claustre_FOTO_DAVID_ARQUIMBAU.jpg\" alt=\"WYOMIG_INSOLVENTES_claustre_FOTO_DAVID_ARQUIMBAU.jpg\" title=\"\"><\/figure><\/div><div class=\"swiper-slide\" role=\"group\" aria-roledescription=\"slide\" aria-label=\"8 of 16\"><figure class=\"swiper-slide-inner\"><img decoding=\"async\" class=\"swiper-slide-image\" src=\"https:\/\/esclaustre.com\/wp-content\/uploads\/2024\/07\/WYOMIG_INSOLVENTES_claustre_FOTO_DAVID_ARQUIMBAU_1.jpg\" alt=\"WYOMIG_INSOLVENTES_claustre_FOTO_DAVID_ARQUIMBAU_1.jpg\" title=\"\"><\/figure><\/div><div class=\"swiper-slide\" role=\"group\" aria-roledescription=\"slide\" aria-label=\"9 of 16\"><figure class=\"swiper-slide-inner\"><img decoding=\"async\" class=\"swiper-slide-image\" src=\"https:\/\/esclaustre.com\/wp-content\/uploads\/2024\/07\/OCIM_es_claustre_2020_FOTO__David_Arquimbau_Sintes_3-copy.jpg\" alt=\"OCIM_es_claustre_2020_FOTO__David_Arquimbau_Sintes_3-copy.jpg\" title=\"\"><\/figure><\/div><div class=\"swiper-slide\" role=\"group\" aria-roledescription=\"slide\" aria-label=\"10 of 16\"><figure class=\"swiper-slide-inner\"><img decoding=\"async\" class=\"swiper-slide-image\" src=\"https:\/\/esclaustre.com\/wp-content\/uploads\/2024\/07\/NINO_ELCHE_REFREE_foto_DAVID_ARQUIMBAU_6-copia.jpg\" alt=\"NI\u00d1O_ELCHE_REFREE_foto_DAVID_ARQUIMBAU_6-c\u00f2pia.jpg\" title=\"\"><\/figure><\/div><div class=\"swiper-slide\" role=\"group\" aria-roledescription=\"slide\" aria-label=\"11 of 16\"><figure class=\"swiper-slide-inner\"><img decoding=\"async\" class=\"swiper-slide-image\" src=\"https:\/\/esclaustre.com\/wp-content\/uploads\/2024\/07\/MUCHACHITO_ES_CLAUSTRE_foto_David_Arquimbau_5.jpg\" alt=\"MUCHACHITO_ES_CLAUSTRE_foto_David_Arquimbau_5.jpg\" title=\"\"><\/figure><\/div><div class=\"swiper-slide\" role=\"group\" aria-roledescription=\"slide\" aria-label=\"12 of 16\"><figure class=\"swiper-slide-inner\"><img decoding=\"async\" class=\"swiper-slide-image\" src=\"https:\/\/esclaustre.com\/wp-content\/uploads\/2024\/07\/MARIA_DEL_MAR_BONET_CLAUSTRE_agost_2020_FOTO__David_Arquimbau_Sintes_1.jpg\" alt=\"MARIA_DEL_MAR_BONET_CLAUSTRE_agost_2020_FOTO__David_Arquimbau_Sintes_1.jpg\" title=\"\"><\/figure><\/div><div class=\"swiper-slide\" role=\"group\" aria-roledescription=\"slide\" aria-label=\"13 of 16\"><figure class=\"swiper-slide-inner\"><img decoding=\"async\" class=\"swiper-slide-image\" src=\"https:\/\/esclaustre.com\/wp-content\/uploads\/2024\/07\/MARIA_JOSE_LLERGO_foto_David_Arquimbau_13.jpg\" alt=\"MARIA_JOSE_LLERGO_foto_David_Arquimbau_13.jpg\" title=\"\"><\/figure><\/div><div class=\"swiper-slide\" role=\"group\" aria-roledescription=\"slide\" aria-label=\"14 of 16\"><figure class=\"swiper-slide-inner\"><img decoding=\"async\" class=\"swiper-slide-image\" src=\"https:\/\/esclaustre.com\/wp-content\/uploads\/2024\/07\/OCIM_CLAUSTRE_FOTO__David_Arquimbau_Sintes_4.jpg\" alt=\"OCIM_CLAUSTRE_FOTO__David_Arquimbau_Sintes_4.jpg\" title=\"\"><\/figure><\/div><div class=\"swiper-slide\" role=\"group\" aria-roledescription=\"slide\" aria-label=\"15 of 16\"><figure class=\"swiper-slide-inner\"><img decoding=\"async\" class=\"swiper-slide-image\" src=\"https:\/\/esclaustre.com\/wp-content\/uploads\/2024\/07\/SING_SANG_SUNG_FOTO_David_Arquimbau_3.jpg\" alt=\"SING_SANG_SUNG_FOTO_David_Arquimbau_3.jpg\" title=\"\"><\/figure><\/div><div class=\"swiper-slide\" role=\"group\" aria-roledescription=\"slide\" aria-label=\"16 of 16\"><figure class=\"swiper-slide-inner\"><img decoding=\"async\" class=\"swiper-slide-image\" src=\"https:\/\/esclaustre.com\/wp-content\/uploads\/2024\/07\/QUERAL_LAHOZ_CLAUSTRE_agost_2020_FOTO__David_Arquimbau_Sintes_3.jpg\" alt=\"QUERAL_LAHOZ_CLAUSTRE_agost_2020_FOTO__David_Arquimbau_Sintes_3.jpg\" title=\"\"><\/figure><\/div>\t\t\t<\/div>\n\t\t\t\t\t\t\t\n\t\t\t\t\t\t\t\t\t<\/div>\n\t\t\t\t\t\t<\/div>\n\t\t\t\t<\/div>\n\t\t\t\t<\/div>\n\t\t<div class=\"elementor-element elementor-element-daa1a92 e-flex e-con-boxed e-con e-parent\" data-id=\"daa1a92\" data-element_type=\"container\" data-e-type=\"container\">\n\t\t\t\t\t<div class=\"e-con-inner\">\n\t\t\t\t<div class=\"elementor-element elementor-element-f20904b elementor-widget elementor-widget-heading\" data-id=\"f20904b\" data-element_type=\"widget\" data-e-type=\"widget\" data-widget_type=\"heading.default\">\n\t\t\t\t<div class=\"elementor-widget-container\">\n\t\t\t\t\t<h2 class=\"elementor-heading-title elementor-size-default\">INTRAMURS<\/h2>\t\t\t\t<\/div>\n\t\t\t\t<\/div>\n\t\t\t\t<div class=\"elementor-element elementor-element-4e20e4c elementor-widget elementor-widget-heading\" data-id=\"4e20e4c\" data-element_type=\"widget\" data-e-type=\"widget\" data-widget_type=\"heading.default\">\n\t\t\t\t<div class=\"elementor-widget-container\">\n\t\t\t\t\t<h2 class=\"elementor-heading-title elementor-size-default\">1 adv. [LC] Dins l\u2019\u00e0mbit i els l\u00edmits d\u2019una ciutat, una vila o un lloc. L\u2019esgl\u00e9sia era intramurs.\n<BR><BR>2 adj. [LC] Els barris intramurs de la ciutat.<\/h2>\t\t\t\t<\/div>\n\t\t\t\t<\/div>\n\t\t\t\t<div class=\"elementor-element elementor-element-187dd74 elementor-widget__width-inherit elementor-widget elementor-widget-text-editor\" data-id=\"187dd74\" data-element_type=\"widget\" data-e-type=\"widget\" data-widget_type=\"text-editor.default\">\n\t\t\t\t<div class=\"elementor-widget-container\">\n\t\t\t\t\t\t\t\t\t<p><strong>Intramurs<\/strong>\u00a0\u00e9s una empresa nascuda l\u2019any 2008 dedicada\u00a0al desenvolupament de projectes, la gesti\u00f3, la\u00a0producci\u00f3 en el sector cultural i audiovisual.\u00a0Som un equip pluridisciplinar de persones que\u00a0abasten des del camp de l\u2019organitzaci\u00f3 fins al\u00a0de la gesti\u00f3 i producci\u00f3, passant per \u00e0mbits\u00a0com la dinamitzaci\u00f3, el disseny, la fotografia i la\u00a0gastronomia. Amb ells, l\u2019empresa vol\u00a0aconseguir sinergies, \u00e9s a dir, una acci\u00f3 combinada i un efecte\u00a0multiplicador dels serveis donats, aix\u00ed com\u00a0oferir a persones, entitats, administracions i empreses un servei\u00a0integral.<\/p><p>L\u2019experi\u00e8ncia en l\u2019organitzaci\u00f3 de festivals de\u00a0m\u00fasica, la programaci\u00f3 musical en diferents\u00a0espais (Teatre Principal de Ma\u00f3, Casino 17 de\u00a0Gener, Es Freginal, Sala Multifuncional de\u00a0Mercadal, Ajuntament de Ma\u00f3, Ajuntament de Ciutadella, Ajuntament de Es Mercadal, Consell Insular de Menorca, Fundaci\u00f3 Dest\u00ed, sales de concerts\u2026), tant a Menorca, Mallorca, Vic, Arenys de Mar o\u00a0Barcelona en la realitzaci\u00f3 i la producci\u00f3\u00a0integral d\u2019actes.<\/p><p>La motivaci\u00f3, la il\u00b7lusi\u00f3, els detalls, la\u00a0professionalitat, la transpar\u00e8ncia, la\u00a0responsabilitat i el fer costat s\u00f3n les pautes\u00a0d\u2019Intramurs a l\u2019hora de desenvolupar,\u00a0gestionar, produir o comunicar qualsevol\u00a0projecte.<\/p><p>Des de l\u2019any 2021\u00a0<a href=\"http:\/\/www.esclaustre.cat\/\" target=\"_blank\" rel=\"noopener\"><strong>Es Claustre<\/strong><\/a>\u00a0organitzem activitats musicals a\u00a0<a href=\"https:\/\/www.hauserwirth.com\/locations\/25040-menorca\/\" target=\"_blank\" rel=\"noopener\"><strong>Hauser &amp; Wirth\u00a0<\/strong><\/a>de l\u2019illa del Rei. Per aquest any 2024\/2025 tenim prevista una programaci\u00f3 especial durant la Primavera, els capvespres d\u2019estiu i tots els dissabtes al migdia d&#8217;octubre a desembre.<\/p>\t\t\t\t\t\t\t\t<\/div>\n\t\t\t\t<\/div>\n\t\t\t\t\t<\/div>\n\t\t\t\t<\/div>\n\t\t<div class=\"elementor-element elementor-element-e5a39a5 e-flex e-con-boxed e-con e-parent\" data-id=\"e5a39a5\" data-element_type=\"container\" data-e-type=\"container\">\n\t\t\t\t\t<div class=\"e-con-inner\">\n\t\t\t\t<div class=\"elementor-element elementor-element-0b90cc7 elementor-widget elementor-widget-heading\" data-id=\"0b90cc7\" data-element_type=\"widget\" data-e-type=\"widget\" data-widget_type=\"heading.default\">\n\t\t\t\t<div class=\"elementor-widget-container\">\n\t\t\t\t\t<h2 class=\"elementor-heading-title elementor-size-default\">sERVEIS<\/h2>\t\t\t\t<\/div>\n\t\t\t\t<\/div>\n\t\t\t\t<div class=\"elementor-element elementor-element-cdd7924 elementor-icon-list--layout-traditional elementor-list-item-link-full_width elementor-widget elementor-widget-icon-list\" data-id=\"cdd7924\" data-element_type=\"widget\" data-e-type=\"widget\" data-widget_type=\"icon-list.default\">\n\t\t\t\t<div class=\"elementor-widget-container\">\n\t\t\t\t\t\t\t<ul class=\"elementor-icon-list-items\">\n\t\t\t\t\t\t\t<li class=\"elementor-icon-list-item\">\n\t\t\t\t\t\t\t\t\t\t\t<span class=\"elementor-icon-list-icon\">\n\t\t\t\t\t\t\t<i aria-hidden=\"true\" class=\"fas fa-check\"><\/i>\t\t\t\t\t\t<\/span>\n\t\t\t\t\t\t\t\t\t\t<span class=\"elementor-icon-list-text\">Oficina de management i contractaci\u00f3 d\u2019artistes<\/span>\n\t\t\t\t\t\t\t\t\t<\/li>\n\t\t\t\t\t\t\t\t<li class=\"elementor-icon-list-item\">\n\t\t\t\t\t\t\t\t\t\t\t<span class=\"elementor-icon-list-icon\">\n\t\t\t\t\t\t\t<i aria-hidden=\"true\" class=\"fas fa-check\"><\/i>\t\t\t\t\t\t<\/span>\n\t\t\t\t\t\t\t\t\t\t<span class=\"elementor-icon-list-text\">Planificaci\u00f3, organitzaci\u00f3 i producci\u00f3 de concerts<\/span>\n\t\t\t\t\t\t\t\t\t<\/li>\n\t\t\t\t\t\t\t\t<li class=\"elementor-icon-list-item\">\n\t\t\t\t\t\t\t\t\t\t\t<span class=\"elementor-icon-list-icon\">\n\t\t\t\t\t\t\t<i aria-hidden=\"true\" class=\"fas fa-check\"><\/i>\t\t\t\t\t\t<\/span>\n\t\t\t\t\t\t\t\t\t\t<span class=\"elementor-icon-list-text\">Producci\u00f3 t\u00e8cnica<\/span>\n\t\t\t\t\t\t\t\t\t<\/li>\n\t\t\t\t\t\t\t\t<li class=\"elementor-icon-list-item\">\n\t\t\t\t\t\t\t\t\t\t\t<span class=\"elementor-icon-list-icon\">\n\t\t\t\t\t\t\t<i aria-hidden=\"true\" class=\"fas fa-check\"><\/i>\t\t\t\t\t\t<\/span>\n\t\t\t\t\t\t\t\t\t\t<span class=\"elementor-icon-list-text\">Realitzaci\u00f3 de la proposta cultural o social<\/span>\n\t\t\t\t\t\t\t\t\t<\/li>\n\t\t\t\t\t\t\t\t<li class=\"elementor-icon-list-item\">\n\t\t\t\t\t\t\t\t\t\t\t<span class=\"elementor-icon-list-icon\">\n\t\t\t\t\t\t\t<i aria-hidden=\"true\" class=\"fas fa-check\"><\/i>\t\t\t\t\t\t<\/span>\n\t\t\t\t\t\t\t\t\t\t<span class=\"elementor-icon-list-text\">Planificaci\u00f3 i cronologia detallada dels actes<\/span>\n\t\t\t\t\t\t\t\t\t<\/li>\n\t\t\t\t\t\t\t\t<li class=\"elementor-icon-list-item\">\n\t\t\t\t\t\t\t\t\t\t\t<span class=\"elementor-icon-list-icon\">\n\t\t\t\t\t\t\t<i aria-hidden=\"true\" class=\"fas fa-check\"><\/i>\t\t\t\t\t\t<\/span>\n\t\t\t\t\t\t\t\t\t\t<span class=\"elementor-icon-list-text\">Producci\u00f3 t\u00e8cnica i log\u00edstica de l\u2019esdeveniment<\/span>\n\t\t\t\t\t\t\t\t\t<\/li>\n\t\t\t\t\t\t\t\t<li class=\"elementor-icon-list-item\">\n\t\t\t\t\t\t\t\t\t\t\t<span class=\"elementor-icon-list-icon\">\n\t\t\t\t\t\t\t<i aria-hidden=\"true\" class=\"fas fa-check\"><\/i>\t\t\t\t\t\t<\/span>\n\t\t\t\t\t\t\t\t\t\t<span class=\"elementor-icon-list-text\">Planificaci\u00f3 i organitzaci\u00f3 de l\u2019estructura de gesti\u00f3<\/span>\n\t\t\t\t\t\t\t\t\t<\/li>\n\t\t\t\t\t\t\t\t<li class=\"elementor-icon-list-item\">\n\t\t\t\t\t\t\t\t\t\t\t<span class=\"elementor-icon-list-icon\">\n\t\t\t\t\t\t\t<i aria-hidden=\"true\" class=\"fas fa-check\"><\/i>\t\t\t\t\t\t<\/span>\n\t\t\t\t\t\t\t\t\t\t<span class=\"elementor-icon-list-text\">Pla d\u2019utilitzaci\u00f3, conservaci\u00f3 i manteniment de l\u2019equipament<\/span>\n\t\t\t\t\t\t\t\t\t<\/li>\n\t\t\t\t\t\t\t\t<li class=\"elementor-icon-list-item\">\n\t\t\t\t\t\t\t\t\t\t\t<span class=\"elementor-icon-list-icon\">\n\t\t\t\t\t\t\t<i aria-hidden=\"true\" class=\"fas fa-check\"><\/i>\t\t\t\t\t\t<\/span>\n\t\t\t\t\t\t\t\t\t\t<span class=\"elementor-icon-list-text\">Projecte d\u2019equipament<\/span>\n\t\t\t\t\t\t\t\t\t<\/li>\n\t\t\t\t\t\t\t\t<li class=\"elementor-icon-list-item\">\n\t\t\t\t\t\t\t\t\t\t\t<span class=\"elementor-icon-list-icon\">\n\t\t\t\t\t\t\t<i aria-hidden=\"true\" class=\"fas fa-check\"><\/i>\t\t\t\t\t\t<\/span>\n\t\t\t\t\t\t\t\t\t\t<span class=\"elementor-icon-list-text\">Servei de so, llum i audiovisuals amb equips propis d\u2019alta gamma.<\/span>\n\t\t\t\t\t\t\t\t\t<\/li>\n\t\t\t\t\t\t\t\t<li class=\"elementor-icon-list-item\">\n\t\t\t\t\t\t\t\t\t\t\t<span class=\"elementor-icon-list-icon\">\n\t\t\t\t\t\t\t<i aria-hidden=\"true\" class=\"fas fa-check\"><\/i>\t\t\t\t\t\t<\/span>\n\t\t\t\t\t\t\t\t\t\t<span class=\"elementor-icon-list-text\">De la idea al projecte, i del projecte a una producci\u00f3 real i coordinada<\/span>\n\t\t\t\t\t\t\t\t\t<\/li>\n\t\t\t\t\t\t\t\t<li class=\"elementor-icon-list-item\">\n\t\t\t\t\t\t\t\t\t\t\t<span class=\"elementor-icon-list-icon\">\n\t\t\t\t\t\t\t<i aria-hidden=\"true\" class=\"fas fa-check\"><\/i>\t\t\t\t\t\t<\/span>\n\t\t\t\t\t\t\t\t\t\t<span class=\"elementor-icon-list-text\">Caterings<\/span>\n\t\t\t\t\t\t\t\t\t<\/li>\n\t\t\t\t\t\t\t\t<li class=\"elementor-icon-list-item\">\n\t\t\t\t\t\t\t\t\t\t\t<span class=\"elementor-icon-list-icon\">\n\t\t\t\t\t\t\t<i aria-hidden=\"true\" class=\"fas fa-check\"><\/i>\t\t\t\t\t\t<\/span>\n\t\t\t\t\t\t\t\t\t\t<span class=\"elementor-icon-list-text\">Creaci\u00f3 de programes musicals a mida<\/span>\n\t\t\t\t\t\t\t\t\t<\/li>\n\t\t\t\t\t\t\t\t<li class=\"elementor-icon-list-item\">\n\t\t\t\t\t\t\t\t\t\t\t<span class=\"elementor-icon-list-icon\">\n\t\t\t\t\t\t\t<i aria-hidden=\"true\" class=\"fas fa-check\"><\/i>\t\t\t\t\t\t<\/span>\n\t\t\t\t\t\t\t\t\t\t<span class=\"elementor-icon-list-text\">Concerts, discj\u00f2queis i activitats<\/span>\n\t\t\t\t\t\t\t\t\t<\/li>\n\t\t\t\t\t\t\t\t<li class=\"elementor-icon-list-item\">\n\t\t\t\t\t\t\t\t\t\t\t<span class=\"elementor-icon-list-icon\">\n\t\t\t\t\t\t\t<i aria-hidden=\"true\" class=\"fas fa-check\"><\/i>\t\t\t\t\t\t<\/span>\n\t\t\t\t\t\t\t\t\t\t<span class=\"elementor-icon-list-text\">Regidories, backline i coordinacions t\u00e8cniques<\/span>\n\t\t\t\t\t\t\t\t\t<\/li>\n\t\t\t\t\t\t<\/ul>\n\t\t\t\t\t\t<\/div>\n\t\t\t\t<\/div>\n\t\t\t\t\t<\/div>\n\t\t\t\t<\/div>\n\t\t<div class=\"elementor-element elementor-element-afe08e9 e-flex e-con-boxed e-con e-parent\" data-id=\"afe08e9\" data-element_type=\"container\" data-e-type=\"container\">\n\t\t\t\t\t<div class=\"e-con-inner\">\n\t\t\t\t<div class=\"elementor-element elementor-element-79627c4 elementor-widget elementor-widget-heading\" data-id=\"79627c4\" data-element_type=\"widget\" data-e-type=\"widget\" data-widget_type=\"heading.default\">\n\t\t\t\t<div class=\"elementor-widget-container\">\n\t\t\t\t\t<h2 class=\"elementor-heading-title elementor-size-default\">CONTACTE<\/h2>\t\t\t\t<\/div>\n\t\t\t\t<\/div>\n\t\t\t\t<div class=\"elementor-element elementor-element-05ea63a elementor-widget__width-inherit elementor-widget elementor-widget-text-editor\" data-id=\"05ea63a\" data-element_type=\"widget\" data-e-type=\"widget\" data-widget_type=\"text-editor.default\">\n\t\t\t\t<div class=\"elementor-widget-container\">\n\t\t\t\t\t\t\t\t\t<p style=\"text-align: center;\">Josep Maria Fita<br \/><a href=\"mailto:intramurs@gmail.com\">info@esclaustre.com<\/a><\/p><p style=\"text-align: center;\">Josep Sampol<br \/><a href=\"mailto:josepsampol@esclaustre.com\">josepsampol@esclaustre.com<\/a><\/p>\t\t\t\t\t\t\t\t<\/div>\n\t\t\t\t<\/div>\n\t\t\t\t\t<\/div>\n\t\t\t\t<\/div>\n\t\t\t\t<\/div>\n\t\t","protected":false},"excerpt":{"rendered":"<p>[IM] IntraMurs produccions \u00e9s una plataforma independent que produeix projectes art\u00edstics i esdeveniments culturals, basada en Menorca i integrada per en Josep Maria Fita i en Josep Sampol.<\/p>\n","protected":false},"author":1,"featured_media":10032,"parent":0,"menu_order":0,"comment_status":"closed","ping_status":"closed","template":"","meta":{"_acf_changed":false,"footnotes":""},"class_list":["post-1445","page","type-page","status-publish","has-post-thumbnail","hentry"],"acf":[],"_links":{"self":[{"href":"https:\/\/esclaustre.com\/en\/wp-json\/wp\/v2\/pages\/1445","targetHints":{"allow":["GET"]}}],"collection":[{"href":"https:\/\/esclaustre.com\/en\/wp-json\/wp\/v2\/pages"}],"about":[{"href":"https:\/\/esclaustre.com\/en\/wp-json\/wp\/v2\/types\/page"}],"author":[{"embeddable":true,"href":"https:\/\/esclaustre.com\/en\/wp-json\/wp\/v2\/users\/1"}],"replies":[{"embeddable":true,"href":"https:\/\/esclaustre.com\/en\/wp-json\/wp\/v2\/comments?post=1445"}],"version-history":[{"count":6,"href":"https:\/\/esclaustre.com\/en\/wp-json\/wp\/v2\/pages\/1445\/revisions"}],"predecessor-version":[{"id":30441,"href":"https:\/\/esclaustre.com\/en\/wp-json\/wp\/v2\/pages\/1445\/revisions\/30441"}],"wp:featuredmedia":[{"embeddable":true,"href":"https:\/\/esclaustre.com\/en\/wp-json\/wp\/v2\/media\/10032"}],"wp:attachment":[{"href":"https:\/\/esclaustre.com\/en\/wp-json\/wp\/v2\/media?parent=1445"}],"curies":[{"name":"wp","href":"https:\/\/api.w.org\/{rel}","templated":true}]}}