{"id":1498,"date":"2017-06-11T06:52:21","date_gmt":"2017-06-11T04:52:21","guid":{"rendered":"https:\/\/esclaustre.com\/terrassa\/"},"modified":"2026-02-12T19:15:38","modified_gmt":"2026-02-12T18:15:38","slug":"terrassa","status":"publish","type":"page","link":"https:\/\/esclaustre.com\/en\/terrassa\/","title":{"rendered":"Terrassa"},"content":{"rendered":"\t\t<div data-elementor-type=\"wp-page\" data-elementor-id=\"1498\" class=\"elementor elementor-1498 elementor-128\" data-elementor-post-type=\"page\">\n\t\t\t\t<div class=\"elementor-element elementor-element-1d21090 e-con-full e-flex e-con e-parent\" data-id=\"1d21090\" data-element_type=\"container\" data-e-type=\"container\">\n\t\t\t\t<div class=\"elementor-element elementor-element-9873da8 elementor-arrows-position-inside elementor-widget elementor-widget-image-carousel\" data-id=\"9873da8\" data-element_type=\"widget\" data-e-type=\"widget\" data-settings=\"{&quot;slides_to_show&quot;:&quot;3&quot;,&quot;slides_to_scroll&quot;:&quot;3&quot;,&quot;navigation&quot;:&quot;arrows&quot;,&quot;image_spacing_custom&quot;:{&quot;unit&quot;:&quot;px&quot;,&quot;size&quot;:0,&quot;sizes&quot;:[]},&quot;autoplay_speed&quot;:1500,&quot;speed&quot;:1000,&quot;autoplay&quot;:&quot;yes&quot;,&quot;pause_on_hover&quot;:&quot;yes&quot;,&quot;pause_on_interaction&quot;:&quot;yes&quot;,&quot;infinite&quot;:&quot;yes&quot;,&quot;image_spacing_custom_tablet&quot;:{&quot;unit&quot;:&quot;px&quot;,&quot;size&quot;:&quot;&quot;,&quot;sizes&quot;:[]},&quot;image_spacing_custom_mobile&quot;:{&quot;unit&quot;:&quot;px&quot;,&quot;size&quot;:&quot;&quot;,&quot;sizes&quot;:[]}}\" data-widget_type=\"image-carousel.default\">\n\t\t\t\t<div class=\"elementor-widget-container\">\n\t\t\t\t\t\t\t<div class=\"elementor-image-carousel-wrapper swiper\" role=\"region\" aria-roledescription=\"carousel\" aria-label=\"Carrusel d&#039;imatges\" dir=\"rtl\">\n\t\t\t<div class=\"elementor-image-carousel swiper-wrapper\" aria-live=\"off\">\n\t\t\t\t\t\t\t\t<div class=\"swiper-slide\" role=\"group\" aria-roledescription=\"slide\" aria-label=\"1 of 16\"><figure class=\"swiper-slide-inner\"><img decoding=\"async\" class=\"swiper-slide-image\" src=\"https:\/\/esclaustre.com\/wp-content\/uploads\/2023\/08\/STAY-HOMAS-7.jpg\" alt=\"Stay_Homas_Menorca_EsClaustre\" title=\"\"><\/figure><\/div><div class=\"swiper-slide\" role=\"group\" aria-roledescription=\"slide\" aria-label=\"2 of 16\"><figure class=\"swiper-slide-inner\"><img decoding=\"async\" class=\"swiper-slide-image\" src=\"https:\/\/esclaustre.com\/wp-content\/uploads\/2023\/08\/STAY-HOMAS-5.jpg\" alt=\"Stay_Homas_Menorca_EsClaustre\" title=\"\"><\/figure><\/div><div class=\"swiper-slide\" role=\"group\" aria-roledescription=\"slide\" aria-label=\"3 of 16\"><figure class=\"swiper-slide-inner\"><img decoding=\"async\" class=\"swiper-slide-image\" src=\"https:\/\/esclaustre.com\/wp-content\/uploads\/2023\/08\/STAY-HOMAS-4.jpg\" alt=\"Stay_Homas_Menorca_EsClaustre\" title=\"\"><\/figure><\/div><div class=\"swiper-slide\" role=\"group\" aria-roledescription=\"slide\" aria-label=\"4 of 16\"><figure class=\"swiper-slide-inner\"><img decoding=\"async\" class=\"swiper-slide-image\" src=\"https:\/\/esclaustre.com\/wp-content\/uploads\/2023\/08\/CONEJO_KANIBAL-.jpg\" alt=\"KONEJO_KANIBAL\" title=\"\"><\/figure><\/div><div class=\"swiper-slide\" role=\"group\" aria-roledescription=\"slide\" aria-label=\"5 of 16\"><figure class=\"swiper-slide-inner\"><img decoding=\"async\" class=\"swiper-slide-image\" src=\"https:\/\/esclaustre.com\/wp-content\/uploads\/2021\/10\/CLARA-PEYA-CLAUSTRE_Foto_David_Arquimbau_Sintes_10.jpeg\" alt=\"CLARA PEYA\" title=\"\"><\/figure><\/div><div class=\"swiper-slide\" role=\"group\" aria-roledescription=\"slide\" aria-label=\"6 of 16\"><figure class=\"swiper-slide-inner\"><img decoding=\"async\" class=\"swiper-slide-image\" src=\"https:\/\/esclaustre.com\/wp-content\/uploads\/2021\/10\/CLARA-PEYA-CLAUSTRE_Foto_David_Arquimbau_Sintes.jpeg\" alt=\"CLARA PEYA\" title=\"\"><\/figure><\/div><div class=\"swiper-slide\" role=\"group\" aria-roledescription=\"slide\" aria-label=\"7 of 16\"><figure class=\"swiper-slide-inner\"><img decoding=\"async\" class=\"swiper-slide-image\" src=\"https:\/\/esclaustre.com\/wp-content\/uploads\/2021\/02\/WYOMIG_INSOLVENTES_claustre_FOTO_DAVID_ARQUIMBAU.jpg\" alt=\"WYOMIG_INSOLVENTES\" title=\"\"><\/figure><\/div><div class=\"swiper-slide\" role=\"group\" aria-roledescription=\"slide\" aria-label=\"8 of 16\"><figure class=\"swiper-slide-inner\"><img decoding=\"async\" class=\"swiper-slide-image\" src=\"https:\/\/esclaustre.com\/wp-content\/uploads\/2021\/02\/WYOMIG_INSOLVENTES_claustre_FOTO_DAVID_ARQUIMBAU_1.jpg\" alt=\"Wyoming\" title=\"\"><\/figure><\/div><div class=\"swiper-slide\" role=\"group\" aria-roledescription=\"slide\" aria-label=\"9 of 16\"><figure class=\"swiper-slide-inner\"><img decoding=\"async\" class=\"swiper-slide-image\" src=\"https:\/\/esclaustre.com\/wp-content\/uploads\/2021\/02\/OCIM_es_claustre_2020_FOTO__David_Arquimbau_Sintes_3-copy.jpg\" alt=\"OCIM_es_claustre_2020_FOTO__David_Arquimbau_Sintes_3 copy\" title=\"\"><\/figure><\/div><div class=\"swiper-slide\" role=\"group\" aria-roledescription=\"slide\" aria-label=\"10 of 16\"><figure class=\"swiper-slide-inner\"><img decoding=\"async\" class=\"swiper-slide-image\" src=\"https:\/\/esclaustre.com\/wp-content\/uploads\/2021\/02\/NI\u00d1O_ELCHE_REFREE_foto_DAVID_ARQUIMBAU_6-c\u00f2pia.jpg\" alt=\"NI\u00d1O_ELCHE_REFREE\" title=\"\"><\/figure><\/div><div class=\"swiper-slide\" role=\"group\" aria-roledescription=\"slide\" aria-label=\"11 of 16\"><figure class=\"swiper-slide-inner\"><img decoding=\"async\" class=\"swiper-slide-image\" src=\"https:\/\/esclaustre.com\/wp-content\/uploads\/2021\/02\/MUCHACHITO_ES_CLAUSTRE_foto_David_Arquimbau_5.jpg\" alt=\"Muc\" title=\"\"><\/figure><\/div><div class=\"swiper-slide\" role=\"group\" aria-roledescription=\"slide\" aria-label=\"12 of 16\"><figure class=\"swiper-slide-inner\"><img decoding=\"async\" class=\"swiper-slide-image\" src=\"https:\/\/esclaustre.com\/wp-content\/uploads\/2021\/02\/MARIA_DEL_MAR_BONET_CLAUSTRE_agost_2020_FOTO__David_Arquimbau_Sintes_1.jpg\" alt=\"MARIA_DEL_MAR_BONET_CLAUSTRE\" title=\"\"><\/figure><\/div><div class=\"swiper-slide\" role=\"group\" aria-roledescription=\"slide\" aria-label=\"13 of 16\"><figure class=\"swiper-slide-inner\"><img decoding=\"async\" class=\"swiper-slide-image\" src=\"https:\/\/esclaustre.com\/wp-content\/uploads\/2021\/02\/MARIA_JOSE_LLERGO_foto_David_Arquimbau_13.jpg\" alt=\"MARIA_JOSE_LLERGO_\" title=\"\"><\/figure><\/div><div class=\"swiper-slide\" role=\"group\" aria-roledescription=\"slide\" aria-label=\"14 of 16\"><figure class=\"swiper-slide-inner\"><img decoding=\"async\" class=\"swiper-slide-image\" src=\"https:\/\/esclaustre.com\/wp-content\/uploads\/2021\/02\/OCIM_CLAUSTRE_FOTO__David_Arquimbau_Sintes_4.jpg\" alt=\"OCIM_CLAUSTRE\" title=\"\"><\/figure><\/div><div class=\"swiper-slide\" role=\"group\" aria-roledescription=\"slide\" aria-label=\"15 of 16\"><figure class=\"swiper-slide-inner\"><img decoding=\"async\" class=\"swiper-slide-image\" src=\"https:\/\/esclaustre.com\/wp-content\/uploads\/2021\/02\/SING_SANG_SUNG_FOTO_David_Arquimbau_3.jpg\" alt=\"SING_SANG_SUNG\" title=\"\"><\/figure><\/div><div class=\"swiper-slide\" role=\"group\" aria-roledescription=\"slide\" aria-label=\"16 of 16\"><figure class=\"swiper-slide-inner\"><img decoding=\"async\" class=\"swiper-slide-image\" src=\"https:\/\/esclaustre.com\/wp-content\/uploads\/2021\/02\/QUERAL_LAHOZ_CLAUSTRE_agost_2020_FOTO__David_Arquimbau_Sintes_3.jpg\" alt=\"QUERAL_LAHOZ_CLAUSTRE_agost_2020_FOTO__David_Arquimbau_Sintes_3\" title=\"\"><\/figure><\/div>\t\t\t<\/div>\n\t\t\t\t\t\t\t\t\t\t\t\t<div class=\"elementor-swiper-button elementor-swiper-button-prev\" role=\"button\" tabindex=\"0\">\n\t\t\t\t\t\t<i aria-hidden=\"true\" class=\"eicon-chevron-left\"><\/i>\t\t\t\t\t<\/div>\n\t\t\t\t\t<div class=\"elementor-swiper-button elementor-swiper-button-next\" role=\"button\" tabindex=\"0\">\n\t\t\t\t\t\t<i aria-hidden=\"true\" class=\"eicon-chevron-right\"><\/i>\t\t\t\t\t<\/div>\n\t\t\t\t\n\t\t\t\t\t\t\t\t\t<\/div>\n\t\t\t\t\t\t<\/div>\n\t\t\t\t<\/div>\n\t\t\t\t<\/div>\n\t\t<div class=\"elementor-element elementor-element-345935c e-flex e-con-boxed e-con e-parent\" data-id=\"345935c\" data-element_type=\"container\" data-e-type=\"container\">\n\t\t\t\t\t<div class=\"e-con-inner\">\n\t\t\t\t<div class=\"elementor-element elementor-element-78392a0 elementor-widget elementor-widget-heading\" data-id=\"78392a0\" data-element_type=\"widget\" data-e-type=\"widget\" data-widget_type=\"heading.default\">\n\t\t\t\t<div class=\"elementor-widget-container\">\n\t\t\t\t\t<h2 class=\"elementor-heading-title elementor-size-default\">es claustre<\/h2>\t\t\t\t<\/div>\n\t\t\t\t<\/div>\n\t\t\t\t<div class=\"elementor-element elementor-element-def88f0 elementor-widget elementor-widget-heading\" data-id=\"def88f0\" data-element_type=\"widget\" data-e-type=\"widget\" data-widget_type=\"heading.default\">\n\t\t\t\t<div class=\"elementor-widget-container\">\n\t\t\t\t\t<h2 class=\"elementor-heading-title elementor-size-default\">L'ESPAI ARQUITECT\u00d2NIC DEL CLAUSTRE DEL CARME<\/h2>\t\t\t\t<\/div>\n\t\t\t\t<\/div>\n\t\t\t\t<div class=\"elementor-element elementor-element-083c523 elementor-widget__width-inherit elementor-widget elementor-widget-text-editor\" data-id=\"083c523\" data-element_type=\"widget\" data-e-type=\"widget\" data-widget_type=\"text-editor.default\">\n\t\t\t\t<div class=\"elementor-widget-container\">\n\t\t\t\t\t\t\t\t\t<p>Annexa a l\u2019esgl\u00e9sia neocl\u00e0ssica del Carme, iniciada el 1750, s\u2019erigeix el \u201cclaustre del convent del Carme\u201d, edificat entre el 1750 i el 1808. El convent va allotjar a l\u2019ordre dels carmelites, i m\u00e9s tard, ja desamortitzat i dessacralitzat, va tenir d\u2019altres vides com a palau de la just\u00edcia, pres\u00f3 i escola. En temps m\u00e9s recents s\u2019ha transformat en una s\u00e8rie d\u2019espais i equipaments per a \u00fas cultural. Tamb\u00e9 s\u2019hi troba el Conservatori Menorca, l\u2019Escola Municipal de M\u00fasica, Cer\u00e0mica i Pintura, sales d\u2019exposicions i la UNED.<\/p><p>El darrer quart del segle XX l\u2019espai que envolta el pati esdev\u00e9 Mercat Municipal de Ma\u00f3, i a les antigues cel\u00b7les monacals de la planta baixa del Claustre s\u2019ubiquen les parades de carns, fruites i verdures procedents del camp menorqu\u00ed, aix\u00ed com, darrerament, una oferta gastron\u00f2mica i d\u2019artesania local.<\/p><p>Fruites i verdures, embotits i formatges de l\u2019illa, carn, forn de pa, roba, vins, premsa, menjars preparats, sabates, cafeteria El Trueno, bar i espai cultural a l\u2019aire lliure, <a href=\"https:\/\/esclaustre.com\/refectori\/\">Refectori<\/a>\u2026Tot \u00e9s dins Es Claustre.<\/p>\t\t\t\t\t\t\t\t<\/div>\n\t\t\t\t<\/div>\n\t\t\t\t\t<\/div>\n\t\t\t\t<\/div>\n\t\t<div class=\"elementor-element elementor-element-7cba616 e-flex e-con-boxed e-con e-parent\" data-id=\"7cba616\" data-element_type=\"container\" data-e-type=\"container\">\n\t\t\t\t\t<div class=\"e-con-inner\">\n\t\t\t\t<div class=\"elementor-element elementor-element-899d928 elementor-widget elementor-widget-heading\" data-id=\"899d928\" data-element_type=\"widget\" data-e-type=\"widget\" data-widget_type=\"heading.default\">\n\t\t\t\t<div class=\"elementor-widget-container\">\n\t\t\t\t\t<h2 class=\"elementor-heading-title elementor-size-default\">un espai obert, festa compartida i cultura viva<\/h2>\t\t\t\t<\/div>\n\t\t\t\t<\/div>\n\t\t\t\t<div class=\"elementor-element elementor-element-4b092a0 elementor-widget__width-inherit elementor-widget elementor-widget-text-editor\" data-id=\"4b092a0\" data-element_type=\"widget\" data-e-type=\"widget\" data-widget_type=\"text-editor.default\">\n\t\t\t\t<div class=\"elementor-widget-container\">\n\t\t\t\t\t\t\t\t\t<p>Al pati, l\u2019espai central de l\u2019edifici, i emmarcat per unes precioses voltes de mar\u00e8s, \u00e9s on realitzem activitats culturals i l\u00fadiques a l\u2019aire lliure. Concerts de jazz, pop, folk, cl\u00e0ssica, teatre, dansa, art\u2026<\/p><p>Un entorn \u00fanic on gaudir d\u2019una oferta cultural sense comparaci\u00f3 a l&#8217;illa, amb una proposta gastron\u00f2mica elaborada amb productes locals i de qualitat. Pel seu escenari hi han passat grups i artistes com ara <strong>Love of Lesbian, Kiko Veneno, Jordi Savall, Rosal\u00eda, Coque Malla, La Mala Rodriguez, Xoel Lopez, Jay Jay Johanson, Antonia Font, Jorge Drexler, Mastretta, Albert Pla, Macaco, Muchachito Bombo Infierno, Sopa de Cabra, Celtas Cortos, Toreros Muertos, El Ni\u00f1o de Elche, Marco Mezquida i Sol Pic\u00f3, Quimi Portet, Manel, Ivan Ferreiro, Maria Arnal i Marcel Bag\u00e9s, Carles Benavent i Tomasito, CaboSanRoque, Roger Bernat, Joan Catal\u00e0, Circ Bov\u00e9, Leo Bassi&#8230;<\/strong><\/p>\t\t\t\t\t\t\t\t<\/div>\n\t\t\t\t<\/div>\n\t\t\t\t\t<\/div>\n\t\t\t\t<\/div>\n\t\t<div class=\"elementor-element elementor-element-1664e0e e-flex e-con-boxed e-con e-parent\" data-id=\"1664e0e\" data-element_type=\"container\" data-e-type=\"container\">\n\t\t\t\t\t<div class=\"e-con-inner\">\n\t\t\t\t<div class=\"elementor-element elementor-element-35c9a7d elementor-widget elementor-widget-heading\" data-id=\"35c9a7d\" data-element_type=\"widget\" data-e-type=\"widget\" data-widget_type=\"heading.default\">\n\t\t\t\t<div class=\"elementor-widget-container\">\n\t\t\t\t\t<h2 class=\"elementor-heading-title elementor-size-default\">un programa cultural divers per menorca<\/h2>\t\t\t\t<\/div>\n\t\t\t\t<\/div>\n\t\t\t\t<div class=\"elementor-element elementor-element-ec1c262 elementor-widget__width-inherit elementor-widget elementor-widget-text-editor\" data-id=\"ec1c262\" data-element_type=\"widget\" data-e-type=\"widget\" data-widget_type=\"text-editor.default\">\n\t\t\t\t<div class=\"elementor-widget-container\">\n\t\t\t\t\t\t\t\t\t<p>Des de l\u2019equip que gestiona Es Claustre es vol transmetre una selecci\u00f3 acurada dels artistes que formen el contingut del seu cartell i la seva programaci\u00f3. Un valor en com\u00fa \u00e9s ressaltar l\u2019autenticitat de la seva proposta, tant si son grans valors consagrats que els avalen o b\u00e9 pel seu potencial i projecci\u00f3, siguin de l\u2019escena internacional, estatal o b\u00e9 del propi territori. Es Claustre \u00e9s M\u00fasica en directe, Documentals, Arts Esc\u00e8niques, il\u00b7lustraci\u00f3, gastronomia\u2026. Tot \u00e9s dins Es Claustre.<br \/>De dia, o de nit, la Terrassa d\u2019Es Claustre \u00e9s una visita obligada per tothom qui passi per Menorca.<\/p>\t\t\t\t\t\t\t\t<\/div>\n\t\t\t\t<\/div>\n\t\t\t\t\t<\/div>\n\t\t\t\t<\/div>\n\t\t\t\t<\/div>\n\t\t","protected":false},"excerpt":{"rendered":"<p>Una programaci\u00f3 cultural en entorn \u00fanic on gaudir d\u2019una oferta cultural sense comparaci\u00f3 a la illa, amb una proposta gastron\u00f2mica local i de qualitat. De dia, o de nit, La Terrassa d&#8217;Es Claustre \u00e9s una visita obligada per tothom qui passi per Menorca.<\/p>\n","protected":false},"author":1,"featured_media":9528,"parent":0,"menu_order":0,"comment_status":"closed","ping_status":"closed","template":"","meta":{"_acf_changed":false,"footnotes":""},"class_list":["post-1498","page","type-page","status-publish","has-post-thumbnail","hentry"],"acf":[],"_links":{"self":[{"href":"https:\/\/esclaustre.com\/en\/wp-json\/wp\/v2\/pages\/1498","targetHints":{"allow":["GET"]}}],"collection":[{"href":"https:\/\/esclaustre.com\/en\/wp-json\/wp\/v2\/pages"}],"about":[{"href":"https:\/\/esclaustre.com\/en\/wp-json\/wp\/v2\/types\/page"}],"author":[{"embeddable":true,"href":"https:\/\/esclaustre.com\/en\/wp-json\/wp\/v2\/users\/1"}],"replies":[{"embeddable":true,"href":"https:\/\/esclaustre.com\/en\/wp-json\/wp\/v2\/comments?post=1498"}],"version-history":[{"count":9,"href":"https:\/\/esclaustre.com\/en\/wp-json\/wp\/v2\/pages\/1498\/revisions"}],"predecessor-version":[{"id":30494,"href":"https:\/\/esclaustre.com\/en\/wp-json\/wp\/v2\/pages\/1498\/revisions\/30494"}],"wp:featuredmedia":[{"embeddable":true,"href":"https:\/\/esclaustre.com\/en\/wp-json\/wp\/v2\/media\/9528"}],"wp:attachment":[{"href":"https:\/\/esclaustre.com\/en\/wp-json\/wp\/v2\/media?parent=1498"}],"curies":[{"name":"wp","href":"https:\/\/api.w.org\/{rel}","templated":true}]}}