{"id":4006,"date":"2018-05-24T17:42:49","date_gmt":"2018-05-24T17:42:49","guid":{"rendered":"https:\/\/esclaustre.com\/privacitat\/"},"modified":"2018-05-24T17:42:49","modified_gmt":"2018-05-24T17:42:49","slug":"privacitat","status":"publish","type":"page","link":"https:\/\/esclaustre.com\/en\/privacitat\/","title":{"rendered":"Privacitat"},"content":{"rendered":"<h1><\/h1>\n<h1 class=\"title\"><strong>Pol\u00edtica de privacitat i cookies<\/strong><\/h1>\n<p>&nbsp;<\/p>\n<p>El titular del web <a href=\"https:\/\/esclaustre.com\" target=\"_blank\" rel=\"noopener\"><u>www.esclaustre.com<\/u><\/a> (el &#8220;<strong>Web<\/strong>&#8220;) \u00e9s de la comunitat \u00a0<strong>INTRAMURS,CB<\/strong>. (&#8220;<strong>ES CLASUTRE<\/strong>&#8220;), formada per en Xavier Gallart Parramon, Josep Sampol Herranz i Josep Maria Fita les dades d&#8217;identificaci\u00f3 de la qual s\u00f3n les seg\u00fcents:<\/p>\n<p><strong>Domicili<\/strong>: C\/ Pati del Claustre del Carme, 49-50\u00a007701 Ma\u00f3<br \/>\n<strong>C.I.F<\/strong>.: E-16503369<br \/>\n<strong>Correu electr\u00f2nic<\/strong>:\u00a0info@esclaustre.com<br \/>\n<strong>Dades registrals<\/strong>: inscrits en la delegaci\u00f3 Insular de Menorca ITPA 14200 2017 000817<\/p>\n<p><strong>Acc\u00e9s al Web<\/strong><\/p>\n<p>Aquestes Condicions Generals d&#8217;Acc\u00e9s i \u00das regulen l&#8217;acc\u00e9s i \u00fas del Web i tenen per objecte facilitar a l&#8217;usuari informaci\u00f3 relativa a ES CLAUSTRE, els seus serveis i\/o activitats.<\/p>\n<p>L&#8217;acc\u00e9s i \u00fas del Web per l&#8217;usuari comporta l&#8217;acceptaci\u00f3 de les Condicions Generals d&#8217;Acc\u00e9s i \u00das, aix\u00ed com de la Pol\u00edtica de Privacitat i de Cookies del Web.<\/p>\n<p>L&#8217;usuari ha de llegir atentament les Condicions Generals d&#8217;Acc\u00e9s i \u00das i la Pol\u00edtica de Privacitat i de Cookies quan es proposi utilitzar el Web, ja que aquestes podran ser adaptades i\/o modificades en qualsevol moment. Si no accepta les Condicions Generals d&#8217;Acc\u00e9s i \u00das, li preguem s&#8217;abstingui d&#8217;utilitzar el Web i el seu contingut.<\/p>\n<p><strong>Utilitzaci\u00f3 i funcionament del Web<\/strong><\/p>\n<p>L&#8217;usuari es compromet a fer un \u00fas diligent del Web, aix\u00ed com de la informaci\u00f3 relativa als seus serveis i\/o activitats, amb total subjecci\u00f3 tant a la normativa aplicable com a les Condicions Generals d&#8217;Acc\u00e9s i \u00das i, en el seu cas, a qualsevol altres condicions que ES CLAUSTRE estableixi a l&#8217;efecte al Web.<\/p>\n<p>En conseq\u00fc\u00e8ncia, l&#8217;usuari es compromet a no formular comentaris i\/o continguts, propis o de tercers, que (i) siguin il\u00b7l\u00edcits, violents, pornogr\u00e0fics, racistes i\/o denigrants; i\/o (ii) resultin inapropiats o no pertinents en relaci\u00f3 amb l&#8217;activitat i serveis de ES CLAUSTRE.<\/p>\n<p>Aix\u00ed mateix, l&#8217;usuari es compromet a no dur a terme cap acte amb la finalitat de danyar, inutilitzar i\/o sobrecarregar el Web, o que impedeixi, de qualsevol manera, la normal utilitzaci\u00f3 i funcionament del Web.<\/p>\n<p>S&#8217;informa a l&#8217;usuari que, en el sup\u00f2sit que incompleixi les Condicions Generals d&#8217;Acc\u00e9s i \u00das, la Pol\u00edtica de Privacitat i de Cookies o, si s&#8217;escau, qualssevol altres termes o condicions recollits al Web, ES CLAUSTRE es reserva el dret, a inst\u00e0ncia pr\u00f2pia o de tercers, a limitar, suspendre i\/o excloure el seu acc\u00e9s al Web, adoptant qualsevol mesura t\u00e8cnica que sigui necess\u00e0ria a l&#8217;efecte.<\/p>\n<p>ES CLAUSTRE fa els seus millors esfor\u00e7os per mantenir el Web en bon funcionament, evitant errors o, en el seu cas, reparant-los i mantenint els continguts del Web degudament actualitzats. Ara b\u00e9, ES CLAUSTRE no garanteix la disponibilitat i continu\u00eftat en l&#8217;acc\u00e9s al Web ni la inexist\u00e8ncia d&#8217;errors en els seus continguts, aix\u00ed com tampoc que aquests darrers siguin oportunament actualitzats.<\/p>\n<p><strong><a name=\"responsable\"><\/a>Responsabilitat<\/strong><\/p>\n<p>Tant l&#8217;acc\u00e9s al Web com l&#8217;\u00fas que pugui fer-se de qualsevol informaci\u00f3 o mecanisme del Web, es realitza sota la responsabilitat exclusiva de l&#8217;usuari.<\/p>\n<p>Els comentaris fets pels usuaris o col\u00b7laboradors en qualsevol secci\u00f3 del Web nom\u00e9s seran responsabilitat d&#8217;ells mateixos.<\/p>\n<p>ES CLAUSTRE no es responsabilitza de qualsevol dany i\/o perjudici que es pugui derivar, directament o indirectament, de l&#8217;acc\u00e9s o \u00fas de la informaci\u00f3 continguda al Web i, especialment, d&#8217;aquella informaci\u00f3 relativa a tercers diferents de ES CLAUSTRE incloent, i sense limitar-ho, els produ\u00efts en els sistemes inform\u00e0tics o els provocats per la introducci\u00f3 de virus i\/o atacs inform\u00e0tics i tampoc ser\u00e0 responsable dels danys que puguin patir els usuaris per un \u00fas inadequat del Web ni de les caigudes, interrupcions, abs\u00e8ncia o defecte en les comunicacions i\/o a Internet.<\/p>\n<p>Addicionalment, ES CLAUSTRE no es fa responsable de cap dany i\/o perjudici en el software i\/o hardware de l&#8217;usuari que es derivi de l&#8217;acc\u00e9s i \u00fas del Web.<\/p>\n<p>L&#8217;usuari respondr\u00e0 dels danys i perjudicis de tot tipus que ES CLAUSTRE pugui patir com a conseq\u00fc\u00e8ncia de l&#8217;incompliment de qualsevol de les obligacions a qu\u00e8 quedi sotm\u00e8s en virtut de les Condicions Generals d&#8217;Acc\u00e9s i \u00das, la resta de condicions previstes en el Web i\/o la legislaci\u00f3 aplicable en cada moment.<\/p>\n<p><strong>Pol\u00edtica en mat\u00e8ria d&#8217;enlla\u00e7os (links)<\/strong><\/p>\n<p><strong>a) Enlla\u00e7os amb el Web<\/strong><\/p>\n<p>Aquells tercers que tinguin intenci\u00f3 d&#8217;incloure en un lloc web (el &#8220;<strong>Web Enlla\u00e7ant<\/strong>&#8220;) un enlla\u00e7 que dirigeixi al Web hauran de complir amb la legislaci\u00f3 vigent i no podran, en cap cas, allotjar continguts, propis o de tercers que: (i) siguin il\u00b7l\u00edcits, nocius, violents, racistes, denigrants, etc.; i\/o (ii) resultin inapropiats o no pertinents en relaci\u00f3 amb l&#8217;activitat i serveis de ES CLAUSTRE.<br \/>\nEn cap cas, l&#8217;enlla\u00e7 significa que ES CLAUSTRE avali, promocioni, garanteixi, supervisi i\/o recomani el contingut i\/o els serveis del Web Enlla\u00e7ant, ni que sigui responsable del seu contingut.<br \/>\nEn el sup\u00f2sit d&#8217;incompliment de qualssevol dels termes referits anteriorment, el Web Enlla\u00e7ant haur\u00e0 de suprimir l&#8217;enlla\u00e7 al Web de forma immediata.<\/p>\n<p><strong>b) Enlla\u00e7os amb altres webs\u00a0<\/strong><\/p>\n<p>En el Web es poden incloure diferents enlla\u00e7os que permetin a l&#8217;usuari accedir a altres webs (els &#8220;<strong>Webs Enlla\u00e7ats<\/strong>&#8220;).<\/p>\n<p>En cap cas, l&#8217;exist\u00e8ncia de Webs Enlla\u00e7ats comporta recomanaci\u00f3, promoci\u00f3, identificaci\u00f3 i\/o conformitat de ES CLAUSTRE amb les manifestacions, continguts i\/o serveis proporcionats per mitj\u00e0 dels Webs Enlla\u00e7ats. En conseq\u00fc\u00e8ncia, ES CLAUSTRE no es fa responsable del contingut i altres condicions dels Webs Enlla\u00e7ats, essent l&#8217;usuari l&#8217;\u00fanic responsable de comprovar-los i acceptar-los cada vegada que accedeixi i els utilitzi.<\/p>\n<p><strong>Propietat Industrial i Intel\u00b7lectual<\/strong><\/p>\n<p>Tots els drets de propietat intel\u00b7lectual sobre els dissenys, bases de dades, programes d&#8217;ordinador subjacents (inclosos els codis font), aix\u00ed com els diferents elements que integren el Web (textos, gr\u00e0fics, fotografies, v\u00eddeos, enregistraments sonors, combinacions de colors, etc.) [els &#8220;<strong>Continguts<\/strong>&#8220;], la seva estructura, selecci\u00f3 i ordre, s\u00f3n titularitat de ES CLAUSTRE o dels seus llicenciants. Pel que fa als signes distintius inclosos en el Web (marques i noms comercials), els mateixos s\u00f3n titularitat de ES CLAUSTRE o dels seus llicenciants.<\/p>\n<p>L&#8217;\u00fas del Web per l&#8217;usuari no suposa la cessi\u00f3 de dret algun de propietat intel\u00b7lectual i\/o industrial sobre el Web i els Continguts.<\/p>\n<p>Queda expressament prohibit a l&#8217;usuari la reproducci\u00f3, transformaci\u00f3, distribuci\u00f3, comunicaci\u00f3 p\u00fablica, posada a disposici\u00f3, extracci\u00f3 i\/o qualsevol altra forma de difusi\u00f3 no autoritzades expressament del Web, els Continguts i\/o els signes distintius de ES CLAUSTRE.<\/p>\n<p>La utilitzaci\u00f3 no autoritzada dels Continguts, aix\u00ed com els perjudicis ocasionats en els drets de propietat intel\u00b7lectual i industrial de ES CLAUSTRE poden donar lloc a l&#8217;exercici de les accions que legalment li corresponguin, i a les responsabilitats que, si escau, es derivin dels mateixos.<\/p>\n<p><strong>Privacitat i protecci\u00f3 de dades.<\/strong><\/p>\n<p>En acompliment amb el Reglament (UE) 2016\/679 del Parlament Europeu i del Consell, de 27 d\u2019Abril de 2016, relatiu a la protecci\u00f3 de las persones f\u00edsiques pel que fa al tractament de dades personals i a la lliure circulaci\u00f3 d\u2019aquestes dades, d\u2019acord amb el Cap. III Sec.2 d\u2019aquest reglament (en endavant RGPD), s\u2019informa als usuaris i interesants del seg\u00fcent.<\/p>\n<p><strong><a name=\"finalitat\"><\/a>Finalitat.<\/strong> A ES CLAUSTRE tractem la informaci\u00f3 que ens faciliten les persones interessades per tal de gestionar l&#8217;enviament de la informaci\u00f3 que ens sol\u00b7licitin i prestar-li els serveis que ens s\u00f3n encomanats, \u00e9s a dir, la gesti\u00f3, administraci\u00f3, prestaci\u00f3, ampliaci\u00f3 i millora dels serveis que l&#8217;usuari decideixi sol\u00b7licitar i contractar i als quals pot accedir des d&#8217;aquesta web.<\/p>\n<p>A ES CLAUSTRE no elaborarem perfils comercials d&#8217;acord amb la informaci\u00f3 sol\u00b7licitada, per la qual cosa li informem que no es prenen decisions automatitzades.<\/p>\n<p><strong>Conservaci\u00f3 de les dades. <\/strong>Les dades personals proporcionades es conservaran mentre es mantingui la relaci\u00f3 entre ES CLAUSTRE i els interessats.<\/p>\n<p><strong>Legitimaci\u00f3. <\/strong>La base legal per al tractament de les seves dades \u00e9s la gesti\u00f3 i la resposta a la informaci\u00f3 sol\u00b7licitada per l&#8217;interessat, aix\u00ed com la prestaci\u00f3 dels serveis contractats i sol\u00b7licitats pel client o l&#8217;interessat.<\/p>\n<p>La informaci\u00f3 facilitada per ES CLAUSTRE i la prestaci\u00f3 dels seus serveis a les persones interessades i clients est\u00e0 basada en el consentiment que se li sol\u00b7licita.<\/p>\n<p><strong><a name=\"destinataris\"><\/a>Destinataris.<\/strong> Les dades dels usuaris es comunicaran \u00fanicament, pr\u00e8via informaci\u00f3 i acceptaci\u00f3 per a la prestaci\u00f3 del servei, aix\u00ed com en cas de ser necessari a empreses del grup i col\u00b7laboradors, a l&#8217;encarregat del tractament i a aquelles entitats amb les que sigui necess\u00e0ria la comunicaci\u00f3, amb la finalitat de complir amb la prestaci\u00f3 del servei anteriorment esmentat o atendre la sol\u00b7licitud d&#8217;informaci\u00f3.<\/p>\n<p>L&#8217;usuari ha de tenir en compte que hi ha certes cessions de dades que s\u00f3n necess\u00e0ries perqu\u00e8 es pugui prestar el servei sol\u00b7licitat i realitzar la prestaci\u00f3 encomanada.<\/p>\n<p><strong>Proced\u00e8ncia. <\/strong>Les dades personals que tractem a ES CLAUSTRE procedeixen de les seves sol\u00b7licituds i\/o dels formularis facilitats pels interessats i usuaris.<\/p>\n<p><strong>Les categories de dades que es tracten s\u00f3n:<\/strong><\/p>\n<p>&#8211; Dades d&#8217;identificaci\u00f3<\/p>\n<p>&#8211; Adreces postals o electr\u00f2niques<\/p>\n<p>&#8211; Informaci\u00f3 addicional facilitada per l&#8217;interessat<\/p>\n<p>&#8211; N\u00famero de tel\u00e8fon facilitat per a avisos<\/p>\n<p>&#8211; No es tracten dades especialment protegides<\/p>\n<p><strong><a name=\"drets\"><\/a>Tractament de dades i Drets. <\/strong>De conformitat amb el que estableix la normativa vigent en Protecci\u00f3 de Dades de Car\u00e0cter Personal, i concretament en el Reglament general sobre protecci\u00f3 de dades (RGPD), l&#8217;informem que les seves dades seran incorporades a un fitxer sota la responsabilitat de ES CLAUSTRE amb domicili a Pati del Claustre del Carme, 49-50\u00a007701 Ma\u00f3, amb la finalitat de poder atendre, gestionar, informar-los i donar seguiment a les seves consultes i peticions.<\/p>\n<p>En compliment amb la normativa vigent, ES CLAUSTRE els informa que les dades seran conservades durant el termini LEGALMENT ESTABLERT.<\/p>\n<p>ES CLAUSTRE posa en coneixement dels interessats i usuaris que es compleix amb la legislaci\u00f3 vigent en mat\u00e8ria de protecci\u00f3 de dades personals, ja que es considera que la privacitat dels usuaris i el secret i seguretat de les dades personals que es puguin facilitar mitjan\u00e7ant aquest servei, necess\u00e0riament requereix l&#8217;adopci\u00f3 de mesures t\u00e8cniques i organitzatives necess\u00e0ries per evitar la p\u00e8rdua, mal \u00fas, alteraci\u00f3, accessos no autoritzats i robatori de les dades personals facilitades, en el seu cas, tenint en compte l&#8217;estat de la tecnologia, naturalesa de les dades i riscos als quals es troben exposats.<\/p>\n<p>ES CLAUSTRE informa que procedir\u00e0 a tractar les seves dades de manera l\u00edcita, lleial, transparent, adequada, pertinent, limitada, exacta i actualitzada. \u00c9s per aix\u00f2, que ES CLAUSTRE es compromet al tractament confidencial i a adoptar totes les mesures raonables perqu\u00e8 aquests es suprimeixin o rectifiquin sense dilaci\u00f3 quan siguin inexactes.<\/p>\n<p>D&#8217;acord amb els drets que li confereix la normativa vigent en protecci\u00f3 de dades de car\u00e0cter personal podr\u00e0 exercir els drets d&#8217;acc\u00e9s, rectificaci\u00f3, limitaci\u00f3 de tractament, supressi\u00f3, portabilitat i oposici\u00f3, dirigint la seva petici\u00f3 a l&#8217;adre\u00e7a postal indicada m\u00e9s amunt o b\u00e9 a trav\u00e9s de correu electr\u00f2nic info@esclaustre.com<\/p>\n<p>En cas que sigui procedent, l&#8217;informem que pot contactar amb el Delegat de Protecci\u00f3 de Dades de ES CLAUSTRE, dirigint-se per escrit a l&#8217;adre\u00e7a de correu info@esclaustre.com indicant DPO en l&#8217;assumpte.<\/p>\n<p>Podr\u00e0 dirigir-se a l&#8217;Autoritat de Control competent per a presentar la reclamaci\u00f3 que consideri oportuna.<\/p>\n<p>ES CLAUSTRE no cedir\u00e0 o comunicar\u00e0 a tercers les dades rebudes sense consentiment expr\u00e9s de l&#8217;interessat, excepte en el cas que la comunicaci\u00f3 sigui necess\u00e0ria per prestar-li el servei que el destinatari ens hagi sol\u00b7licitat, i en aquells casos legalment previstos.<\/p>\n<p><strong>Nul\u00b7litat\u00a0<\/strong><\/p>\n<p>Si qualssevol de les cl\u00e0usules de les Condicions Generals d&#8217;Acc\u00e9s i \u00das fos declarada, totalment o parcialment, nul\u00b7la o inefica\u00e7, la nul\u00b7litat o inefic\u00e0cia afectar\u00e0 nom\u00e9s a dita disposici\u00f3 o a la part de la mateixa que resulti nul\u00b7la o inefica\u00e7, i les mateixes romandran vigents en tota la resta, tenint-se per no posada tal disposici\u00f3 o la part de la mateixa que resulti afectada. A tals efectes, les Condicions Generals d&#8217;Acc\u00e9s i \u00das nom\u00e9s deixaran de tenir validesa exclusivament respecte a la disposici\u00f3 nul\u00b7la o inefica\u00e7, i cap altra part o disposici\u00f3 del mateix quedar\u00e0 anul\u00b7lada, invalidada, perjudicada o afectada per tal nul\u00b7litat o inefic\u00e0cia, llevat que per resultar essencial hagu\u00e9s d&#8217;afectar a les Condicions Generals d&#8217;Acc\u00e9s i \u00das de forma integral.<\/p>\n<p><strong>Legislaci\u00f3 aplicable\u00a0<\/strong><\/p>\n<p>Les Condicions Generals d&#8217;Acc\u00e9s i \u00das es regiran i interpretaran de conformitat amb la legislaci\u00f3 espanyola.<\/p>\n<p>Data d&#8217;actualitzaci\u00f3: Maig 2018<\/p>\n","protected":false},"excerpt":{"rendered":"<p>Pol\u00edtica de privacitat i cookies &nbsp; El titular del web www.esclaustre.com (el &#8220;Web&#8220;) \u00e9s de la comunitat \u00a0INTRAMURS,CB. (&#8220;ES CLASUTRE&#8220;), formada per en Xavier Gallart Parramon, Josep Sampol Herranz i [&hellip;]<\/p>\n","protected":false},"author":1,"featured_media":0,"parent":0,"menu_order":0,"comment_status":"closed","ping_status":"closed","template":"","meta":{"_acf_changed":false,"footnotes":""},"class_list":["post-4006","page","type-page","status-publish","hentry"],"acf":[],"_links":{"self":[{"href":"https:\/\/esclaustre.com\/en\/wp-json\/wp\/v2\/pages\/4006","targetHints":{"allow":["GET"]}}],"collection":[{"href":"https:\/\/esclaustre.com\/en\/wp-json\/wp\/v2\/pages"}],"about":[{"href":"https:\/\/esclaustre.com\/en\/wp-json\/wp\/v2\/types\/page"}],"author":[{"embeddable":true,"href":"https:\/\/esclaustre.com\/en\/wp-json\/wp\/v2\/users\/1"}],"replies":[{"embeddable":true,"href":"https:\/\/esclaustre.com\/en\/wp-json\/wp\/v2\/comments?post=4006"}],"version-history":[{"count":0,"href":"https:\/\/esclaustre.com\/en\/wp-json\/wp\/v2\/pages\/4006\/revisions"}],"wp:attachment":[{"href":"https:\/\/esclaustre.com\/en\/wp-json\/wp\/v2\/media?parent=4006"}],"curies":[{"name":"wp","href":"https:\/\/api.w.org\/{rel}","templated":true}]}}