{"id":1444,"date":"2017-07-16T15:33:38","date_gmt":"2017-07-16T13:33:38","guid":{"rendered":"https:\/\/esclaustre.com\/intramurs\/"},"modified":"2026-02-12T19:11:50","modified_gmt":"2026-02-12T18:11:50","slug":"intramurs","status":"publish","type":"page","link":"https:\/\/esclaustre.com\/es\/intramurs\/","title":{"rendered":"Intramurs"},"content":{"rendered":"\t\t<div data-elementor-type=\"wp-page\" data-elementor-id=\"1444\" class=\"elementor elementor-1444 elementor-906\" data-elementor-post-type=\"page\">\n\t\t\t\t<div class=\"elementor-element elementor-element-6904d92 e-con-full e-flex e-con e-parent\" data-id=\"6904d92\" data-element_type=\"container\" data-e-type=\"container\">\n\t\t\t\t<div class=\"elementor-element elementor-element-ab733d4 elementor-widget elementor-widget-image-carousel\" data-id=\"ab733d4\" data-element_type=\"widget\" data-e-type=\"widget\" data-settings=\"{&quot;slides_to_show&quot;:&quot;3&quot;,&quot;slides_to_scroll&quot;:&quot;3&quot;,&quot;navigation&quot;:&quot;none&quot;,&quot;image_spacing_custom&quot;:{&quot;unit&quot;:&quot;px&quot;,&quot;size&quot;:0,&quot;sizes&quot;:[]},&quot;autoplay_speed&quot;:50000,&quot;speed&quot;:100,&quot;autoplay&quot;:&quot;yes&quot;,&quot;pause_on_hover&quot;:&quot;yes&quot;,&quot;pause_on_interaction&quot;:&quot;yes&quot;,&quot;infinite&quot;:&quot;yes&quot;,&quot;image_spacing_custom_tablet&quot;:{&quot;unit&quot;:&quot;px&quot;,&quot;size&quot;:&quot;&quot;,&quot;sizes&quot;:[]},&quot;image_spacing_custom_mobile&quot;:{&quot;unit&quot;:&quot;px&quot;,&quot;size&quot;:&quot;&quot;,&quot;sizes&quot;:[]}}\" data-widget_type=\"image-carousel.default\">\n\t\t\t\t<div class=\"elementor-widget-container\">\n\t\t\t\t\t\t\t<div class=\"elementor-image-carousel-wrapper swiper\" role=\"region\" aria-roledescription=\"carousel\" aria-label=\"Carrusel de im\u00e1genes\" dir=\"ltr\">\n\t\t\t<div class=\"elementor-image-carousel swiper-wrapper\" aria-live=\"off\">\n\t\t\t\t\t\t\t\t<div class=\"swiper-slide\" role=\"group\" aria-roledescription=\"slide\" aria-label=\"1 de 16\"><figure class=\"swiper-slide-inner\"><img decoding=\"async\" class=\"swiper-slide-image\" src=\"https:\/\/esclaustre.com\/wp-content\/uploads\/2024\/07\/STAY-HOMAS-7.jpg\" alt=\"STAY-HOMAS-7.jpg\" title=\"\"><\/figure><\/div><div class=\"swiper-slide\" role=\"group\" aria-roledescription=\"slide\" aria-label=\"2 de 16\"><figure class=\"swiper-slide-inner\"><img decoding=\"async\" class=\"swiper-slide-image\" src=\"https:\/\/esclaustre.com\/wp-content\/uploads\/2024\/07\/STAY-HOMAS-5.jpg\" alt=\"STAY-HOMAS-5.jpg\" title=\"\"><\/figure><\/div><div class=\"swiper-slide\" role=\"group\" aria-roledescription=\"slide\" aria-label=\"3 de 16\"><figure class=\"swiper-slide-inner\"><img decoding=\"async\" class=\"swiper-slide-image\" src=\"https:\/\/esclaustre.com\/wp-content\/uploads\/2024\/07\/STAY-HOMAS-4.jpg\" alt=\"STAY-HOMAS-4.jpg\" title=\"\"><\/figure><\/div><div class=\"swiper-slide\" role=\"group\" aria-roledescription=\"slide\" aria-label=\"4 de 16\"><figure class=\"swiper-slide-inner\"><img decoding=\"async\" class=\"swiper-slide-image\" src=\"https:\/\/esclaustre.com\/wp-content\/uploads\/2024\/07\/CONEJO_KANIBAL-.jpg\" alt=\"CONEJO_KANIBAL-.jpg\" title=\"\"><\/figure><\/div><div class=\"swiper-slide\" role=\"group\" aria-roledescription=\"slide\" aria-label=\"5 de 16\"><figure class=\"swiper-slide-inner\"><img decoding=\"async\" class=\"swiper-slide-image\" src=\"https:\/\/esclaustre.com\/wp-content\/uploads\/2024\/07\/CLARA-PEYA-CLAUSTRE_Foto_David_Arquimbau_Sintes_10.jpeg\" alt=\"CLARA-PEYA-CLAUSTRE_Foto_David_Arquimbau_Sintes_10.jpeg\" title=\"\"><\/figure><\/div><div class=\"swiper-slide\" role=\"group\" aria-roledescription=\"slide\" aria-label=\"6 de 16\"><figure class=\"swiper-slide-inner\"><img decoding=\"async\" class=\"swiper-slide-image\" src=\"https:\/\/esclaustre.com\/wp-content\/uploads\/2024\/07\/CLARA-PEYA-CLAUSTRE_Foto_David_Arquimbau_Sintes.jpeg\" alt=\"CLARA-PEYA-CLAUSTRE_Foto_David_Arquimbau_Sintes.jpeg\" title=\"\"><\/figure><\/div><div class=\"swiper-slide\" role=\"group\" aria-roledescription=\"slide\" aria-label=\"7 de 16\"><figure class=\"swiper-slide-inner\"><img decoding=\"async\" class=\"swiper-slide-image\" src=\"https:\/\/esclaustre.com\/wp-content\/uploads\/2024\/07\/WYOMIG_INSOLVENTES_claustre_FOTO_DAVID_ARQUIMBAU.jpg\" alt=\"WYOMIG_INSOLVENTES_claustre_FOTO_DAVID_ARQUIMBAU.jpg\" title=\"\"><\/figure><\/div><div class=\"swiper-slide\" role=\"group\" aria-roledescription=\"slide\" aria-label=\"8 de 16\"><figure class=\"swiper-slide-inner\"><img decoding=\"async\" class=\"swiper-slide-image\" src=\"https:\/\/esclaustre.com\/wp-content\/uploads\/2024\/07\/WYOMIG_INSOLVENTES_claustre_FOTO_DAVID_ARQUIMBAU_1.jpg\" alt=\"WYOMIG_INSOLVENTES_claustre_FOTO_DAVID_ARQUIMBAU_1.jpg\" title=\"\"><\/figure><\/div><div class=\"swiper-slide\" role=\"group\" aria-roledescription=\"slide\" aria-label=\"9 de 16\"><figure class=\"swiper-slide-inner\"><img decoding=\"async\" class=\"swiper-slide-image\" src=\"https:\/\/esclaustre.com\/wp-content\/uploads\/2024\/07\/OCIM_es_claustre_2020_FOTO__David_Arquimbau_Sintes_3-copy.jpg\" alt=\"OCIM_es_claustre_2020_FOTO__David_Arquimbau_Sintes_3-copy.jpg\" title=\"\"><\/figure><\/div><div class=\"swiper-slide\" role=\"group\" aria-roledescription=\"slide\" aria-label=\"10 de 16\"><figure class=\"swiper-slide-inner\"><img decoding=\"async\" class=\"swiper-slide-image\" src=\"https:\/\/esclaustre.com\/wp-content\/uploads\/2024\/07\/NINO_ELCHE_REFREE_foto_DAVID_ARQUIMBAU_6-copia.jpg\" alt=\"NI\u00d1O_ELCHE_REFREE_foto_DAVID_ARQUIMBAU_6-c\u00f2pia.jpg\" title=\"\"><\/figure><\/div><div class=\"swiper-slide\" role=\"group\" aria-roledescription=\"slide\" aria-label=\"11 de 16\"><figure class=\"swiper-slide-inner\"><img decoding=\"async\" class=\"swiper-slide-image\" src=\"https:\/\/esclaustre.com\/wp-content\/uploads\/2024\/07\/MUCHACHITO_ES_CLAUSTRE_foto_David_Arquimbau_5.jpg\" alt=\"MUCHACHITO_ES_CLAUSTRE_foto_David_Arquimbau_5.jpg\" title=\"\"><\/figure><\/div><div class=\"swiper-slide\" role=\"group\" aria-roledescription=\"slide\" aria-label=\"12 de 16\"><figure class=\"swiper-slide-inner\"><img decoding=\"async\" class=\"swiper-slide-image\" src=\"https:\/\/esclaustre.com\/wp-content\/uploads\/2024\/07\/MARIA_DEL_MAR_BONET_CLAUSTRE_agost_2020_FOTO__David_Arquimbau_Sintes_1.jpg\" alt=\"MARIA_DEL_MAR_BONET_CLAUSTRE_agost_2020_FOTO__David_Arquimbau_Sintes_1.jpg\" title=\"\"><\/figure><\/div><div class=\"swiper-slide\" role=\"group\" aria-roledescription=\"slide\" aria-label=\"13 de 16\"><figure class=\"swiper-slide-inner\"><img decoding=\"async\" class=\"swiper-slide-image\" src=\"https:\/\/esclaustre.com\/wp-content\/uploads\/2024\/07\/MARIA_JOSE_LLERGO_foto_David_Arquimbau_13.jpg\" alt=\"MARIA_JOSE_LLERGO_foto_David_Arquimbau_13.jpg\" title=\"\"><\/figure><\/div><div class=\"swiper-slide\" role=\"group\" aria-roledescription=\"slide\" aria-label=\"14 de 16\"><figure class=\"swiper-slide-inner\"><img decoding=\"async\" class=\"swiper-slide-image\" src=\"https:\/\/esclaustre.com\/wp-content\/uploads\/2024\/07\/OCIM_CLAUSTRE_FOTO__David_Arquimbau_Sintes_4.jpg\" alt=\"OCIM_CLAUSTRE_FOTO__David_Arquimbau_Sintes_4.jpg\" title=\"\"><\/figure><\/div><div class=\"swiper-slide\" role=\"group\" aria-roledescription=\"slide\" aria-label=\"15 de 16\"><figure class=\"swiper-slide-inner\"><img decoding=\"async\" class=\"swiper-slide-image\" src=\"https:\/\/esclaustre.com\/wp-content\/uploads\/2024\/07\/SING_SANG_SUNG_FOTO_David_Arquimbau_3.jpg\" alt=\"SING_SANG_SUNG_FOTO_David_Arquimbau_3.jpg\" title=\"\"><\/figure><\/div><div class=\"swiper-slide\" role=\"group\" aria-roledescription=\"slide\" aria-label=\"16 de 16\"><figure class=\"swiper-slide-inner\"><img decoding=\"async\" class=\"swiper-slide-image\" src=\"https:\/\/esclaustre.com\/wp-content\/uploads\/2024\/07\/QUERAL_LAHOZ_CLAUSTRE_agost_2020_FOTO__David_Arquimbau_Sintes_3.jpg\" alt=\"QUERAL_LAHOZ_CLAUSTRE_agost_2020_FOTO__David_Arquimbau_Sintes_3.jpg\" title=\"\"><\/figure><\/div>\t\t\t<\/div>\n\t\t\t\t\t\t\t\n\t\t\t\t\t\t\t\t\t<\/div>\n\t\t\t\t\t\t<\/div>\n\t\t\t\t<\/div>\n\t\t\t\t<\/div>\n\t\t<div class=\"elementor-element elementor-element-8b927f5 e-flex e-con-boxed e-con e-parent\" data-id=\"8b927f5\" data-element_type=\"container\" data-e-type=\"container\">\n\t\t\t\t\t<div class=\"e-con-inner\">\n\t\t\t\t<div class=\"elementor-element elementor-element-badc597 elementor-widget elementor-widget-heading\" data-id=\"badc597\" data-element_type=\"widget\" data-e-type=\"widget\" data-widget_type=\"heading.default\">\n\t\t\t\t<div class=\"elementor-widget-container\">\n\t\t\t\t\t<h2 class=\"elementor-heading-title elementor-size-default\">INTRAMUros<\/h2>\t\t\t\t<\/div>\n\t\t\t\t<\/div>\n\t\t\t\t<div class=\"elementor-element elementor-element-8c942b7 elementor-widget elementor-widget-heading\" data-id=\"8c942b7\" data-element_type=\"widget\" data-e-type=\"widget\" data-widget_type=\"heading.default\">\n\t\t\t\t<div class=\"elementor-widget-container\">\n\t\t\t\t\t<h2 class=\"elementor-heading-title elementor-size-default\">1 adv. [LC] Dentro del \u00e1mbito y los l\u00edmites de una ciudad, una villa o un lugar. La iglesia era intramuros.\n<BR><BR>2 adj. [LC] Los barrios intramuros de la ciudad.<\/h2>\t\t\t\t<\/div>\n\t\t\t\t<\/div>\n\t\t\t\t<div class=\"elementor-element elementor-element-87462d6 elementor-widget__width-inherit elementor-widget elementor-widget-text-editor\" data-id=\"87462d6\" data-element_type=\"widget\" data-e-type=\"widget\" data-widget_type=\"text-editor.default\">\n\t\t\t\t<div class=\"elementor-widget-container\">\n\t\t\t\t\t\t\t\t\t<p>Intramuros es una empresa nacida en el a\u00f1o 2008 dedicada al desarrollo de proyectos, la gesti\u00f3n, la producci\u00f3n en el sector cultural y audiovisual.Somos un equipo pluridisciplinar de personas que abarcan desde el campo de la organizaci\u00f3n hasta el de la gesti\u00f3n y producci\u00f3n, pasando por \u00e1mbitos como la dinamizaci\u00f3n, el dise\u00f1o, la fotograf\u00eda y la gastronom\u00eda. Con ellos, la empresa quiere conseguir sinergias, es decir, una acci\u00f3n combinada y un efecto multiplicador de los servicios dados, as\u00ed como ofrecer a personas, entidades, administraciones y empresas un servicio integral.<\/p><p>La experiencia en la organizaci\u00f3n de festivales de m\u00fasica, la programaci\u00f3n musical en diferentes espacios (Teatro Principal de Ma\u00f3, Casino 17 de Enero, Es Freginal, Sala Multifuncional de Mercadal, Ayuntamiento de Ma\u00f3, Ayuntamiento de Ciutadella, Ayuntamiento de Es Mercadal, Consejo Insular de Menorca, Fundaci\u00f3n Destino, salas de conciertos\u2026), tanto en Menorca, Mallorca, Vic, Arenys de Mar o Barcelona en la realizaci\u00f3n y la producci\u00f3n integral de actos.<\/p><p>La motivaci\u00f3n, la ilusi\u00f3n, los detalles, la profesionalidad, la transparencia, la responsabilidad y el apoyar son las pautas de Intramuros a la hora de desarrollar, gestionar, producir o comunicar cualquier proyecto.<\/p><p>Desde el a\u00f1o 2021\u00a0Es Claustro\u00a0organizamos actividades musicales en\u00a0Hauser &amp; Wirth\u00a0de la isla del Rey. Para este a\u00f1o 2022 tenemos prevista una programaci\u00f3n especial durante la Primavera, alg\u00fan atardecer de verano y todos los domingos al mediod\u00eda de septiembre y octubre.<\/p>\t\t\t\t\t\t\t\t<\/div>\n\t\t\t\t<\/div>\n\t\t\t\t\t<\/div>\n\t\t\t\t<\/div>\n\t\t<div class=\"elementor-element elementor-element-b365f5e e-flex e-con-boxed e-con e-parent\" data-id=\"b365f5e\" data-element_type=\"container\" data-e-type=\"container\">\n\t\t\t\t\t<div class=\"e-con-inner\">\n\t\t\t\t<div class=\"elementor-element elementor-element-3cb4489 elementor-widget elementor-widget-heading\" data-id=\"3cb4489\" data-element_type=\"widget\" data-e-type=\"widget\" data-widget_type=\"heading.default\">\n\t\t\t\t<div class=\"elementor-widget-container\">\n\t\t\t\t\t<h2 class=\"elementor-heading-title elementor-size-default\">SERVICIOS<\/h2>\t\t\t\t<\/div>\n\t\t\t\t<\/div>\n\t\t\t\t<div class=\"elementor-element elementor-element-b02d287 elementor-icon-list--layout-traditional elementor-list-item-link-full_width elementor-widget elementor-widget-icon-list\" data-id=\"b02d287\" data-element_type=\"widget\" data-e-type=\"widget\" data-widget_type=\"icon-list.default\">\n\t\t\t\t<div class=\"elementor-widget-container\">\n\t\t\t\t\t\t\t<ul class=\"elementor-icon-list-items\">\n\t\t\t\t\t\t\t<li class=\"elementor-icon-list-item\">\n\t\t\t\t\t\t\t\t\t\t\t<span class=\"elementor-icon-list-icon\">\n\t\t\t\t\t\t\t<i aria-hidden=\"true\" class=\"fas fa-check\"><\/i>\t\t\t\t\t\t<\/span>\n\t\t\t\t\t\t\t\t\t\t<span class=\"elementor-icon-list-text\">Oficina de management y contrataci\u00f3n de artistas<\/span>\n\t\t\t\t\t\t\t\t\t<\/li>\n\t\t\t\t\t\t\t\t<li class=\"elementor-icon-list-item\">\n\t\t\t\t\t\t\t\t\t\t\t<span class=\"elementor-icon-list-icon\">\n\t\t\t\t\t\t\t<i aria-hidden=\"true\" class=\"fas fa-check\"><\/i>\t\t\t\t\t\t<\/span>\n\t\t\t\t\t\t\t\t\t\t<span class=\"elementor-icon-list-text\">Planificaci\u00f3n, organizaci\u00f3n y producci\u00f3n de conciertos<\/span>\n\t\t\t\t\t\t\t\t\t<\/li>\n\t\t\t\t\t\t\t\t<li class=\"elementor-icon-list-item\">\n\t\t\t\t\t\t\t\t\t\t\t<span class=\"elementor-icon-list-icon\">\n\t\t\t\t\t\t\t<i aria-hidden=\"true\" class=\"fas fa-check\"><\/i>\t\t\t\t\t\t<\/span>\n\t\t\t\t\t\t\t\t\t\t<span class=\"elementor-icon-list-text\">Producci\u00f3n t\u00e9cnica<\/span>\n\t\t\t\t\t\t\t\t\t<\/li>\n\t\t\t\t\t\t\t\t<li class=\"elementor-icon-list-item\">\n\t\t\t\t\t\t\t\t\t\t\t<span class=\"elementor-icon-list-icon\">\n\t\t\t\t\t\t\t<i aria-hidden=\"true\" class=\"fas fa-check\"><\/i>\t\t\t\t\t\t<\/span>\n\t\t\t\t\t\t\t\t\t\t<span class=\"elementor-icon-list-text\">Realizaci\u00f3n de la propuesta cultural o social<\/span>\n\t\t\t\t\t\t\t\t\t<\/li>\n\t\t\t\t\t\t\t\t<li class=\"elementor-icon-list-item\">\n\t\t\t\t\t\t\t\t\t\t\t<span class=\"elementor-icon-list-icon\">\n\t\t\t\t\t\t\t<i aria-hidden=\"true\" class=\"fas fa-check\"><\/i>\t\t\t\t\t\t<\/span>\n\t\t\t\t\t\t\t\t\t\t<span class=\"elementor-icon-list-text\">Planificaci\u00f3n y cronolog\u00eda detallada de los actos<\/span>\n\t\t\t\t\t\t\t\t\t<\/li>\n\t\t\t\t\t\t\t\t<li class=\"elementor-icon-list-item\">\n\t\t\t\t\t\t\t\t\t\t\t<span class=\"elementor-icon-list-icon\">\n\t\t\t\t\t\t\t<i aria-hidden=\"true\" class=\"fas fa-check\"><\/i>\t\t\t\t\t\t<\/span>\n\t\t\t\t\t\t\t\t\t\t<span class=\"elementor-icon-list-text\">Producci\u00f3n t\u00e9cnica y log\u00edstica del evento<\/span>\n\t\t\t\t\t\t\t\t\t<\/li>\n\t\t\t\t\t\t\t\t<li class=\"elementor-icon-list-item\">\n\t\t\t\t\t\t\t\t\t\t\t<span class=\"elementor-icon-list-icon\">\n\t\t\t\t\t\t\t<i aria-hidden=\"true\" class=\"fas fa-check\"><\/i>\t\t\t\t\t\t<\/span>\n\t\t\t\t\t\t\t\t\t\t<span class=\"elementor-icon-list-text\">Planificaci\u00f3n y organizaci\u00f3n de la estructura de gesti\u00f3n<\/span>\n\t\t\t\t\t\t\t\t\t<\/li>\n\t\t\t\t\t\t\t\t<li class=\"elementor-icon-list-item\">\n\t\t\t\t\t\t\t\t\t\t\t<span class=\"elementor-icon-list-icon\">\n\t\t\t\t\t\t\t<i aria-hidden=\"true\" class=\"fas fa-check\"><\/i>\t\t\t\t\t\t<\/span>\n\t\t\t\t\t\t\t\t\t\t<span class=\"elementor-icon-list-text\">Plan de utilizaci\u00f3n, conservaci\u00f3n y mantenimiento del equipamiento<\/span>\n\t\t\t\t\t\t\t\t\t<\/li>\n\t\t\t\t\t\t\t\t<li class=\"elementor-icon-list-item\">\n\t\t\t\t\t\t\t\t\t\t\t<span class=\"elementor-icon-list-icon\">\n\t\t\t\t\t\t\t<i aria-hidden=\"true\" class=\"fas fa-check\"><\/i>\t\t\t\t\t\t<\/span>\n\t\t\t\t\t\t\t\t\t\t<span class=\"elementor-icon-list-text\">Proyecto de equipamiento<\/span>\n\t\t\t\t\t\t\t\t\t<\/li>\n\t\t\t\t\t\t\t\t<li class=\"elementor-icon-list-item\">\n\t\t\t\t\t\t\t\t\t\t\t<span class=\"elementor-icon-list-icon\">\n\t\t\t\t\t\t\t<i aria-hidden=\"true\" class=\"fas fa-check\"><\/i>\t\t\t\t\t\t<\/span>\n\t\t\t\t\t\t\t\t\t\t<span class=\"elementor-icon-list-text\">Servicio de sonido, luz y audiovisuales con equipos propios de alta gama.<\/span>\n\t\t\t\t\t\t\t\t\t<\/li>\n\t\t\t\t\t\t\t\t<li class=\"elementor-icon-list-item\">\n\t\t\t\t\t\t\t\t\t\t\t<span class=\"elementor-icon-list-icon\">\n\t\t\t\t\t\t\t<i aria-hidden=\"true\" class=\"fas fa-check\"><\/i>\t\t\t\t\t\t<\/span>\n\t\t\t\t\t\t\t\t\t\t<span class=\"elementor-icon-list-text\">De la idea al proyecto, y del proyecto a una producci\u00f3n real y coordinada<\/span>\n\t\t\t\t\t\t\t\t\t<\/li>\n\t\t\t\t\t\t\t\t<li class=\"elementor-icon-list-item\">\n\t\t\t\t\t\t\t\t\t\t\t<span class=\"elementor-icon-list-icon\">\n\t\t\t\t\t\t\t<i aria-hidden=\"true\" class=\"fas fa-check\"><\/i>\t\t\t\t\t\t<\/span>\n\t\t\t\t\t\t\t\t\t\t<span class=\"elementor-icon-list-text\">Caterings<\/span>\n\t\t\t\t\t\t\t\t\t<\/li>\n\t\t\t\t\t\t\t\t<li class=\"elementor-icon-list-item\">\n\t\t\t\t\t\t\t\t\t\t\t<span class=\"elementor-icon-list-icon\">\n\t\t\t\t\t\t\t<i aria-hidden=\"true\" class=\"fas fa-check\"><\/i>\t\t\t\t\t\t<\/span>\n\t\t\t\t\t\t\t\t\t\t<span class=\"elementor-icon-list-text\">Creaci\u00f3n de programas musicales a medida<\/span>\n\t\t\t\t\t\t\t\t\t<\/li>\n\t\t\t\t\t\t\t\t<li class=\"elementor-icon-list-item\">\n\t\t\t\t\t\t\t\t\t\t\t<span class=\"elementor-icon-list-icon\">\n\t\t\t\t\t\t\t<i aria-hidden=\"true\" class=\"fas fa-check\"><\/i>\t\t\t\t\t\t<\/span>\n\t\t\t\t\t\t\t\t\t\t<span class=\"elementor-icon-list-text\">Conciertos, disc jockeys<\/span>\n\t\t\t\t\t\t\t\t\t<\/li>\n\t\t\t\t\t\t\t\t<li class=\"elementor-icon-list-item\">\n\t\t\t\t\t\t\t\t\t\t\t<span class=\"elementor-icon-list-icon\">\n\t\t\t\t\t\t\t<i aria-hidden=\"true\" class=\"fas fa-check\"><\/i>\t\t\t\t\t\t<\/span>\n\t\t\t\t\t\t\t\t\t\t<span class=\"elementor-icon-list-text\">Concejal\u00edas, backline<\/span>\n\t\t\t\t\t\t\t\t\t<\/li>\n\t\t\t\t\t\t<\/ul>\n\t\t\t\t\t\t<\/div>\n\t\t\t\t<\/div>\n\t\t\t\t\t<\/div>\n\t\t\t\t<\/div>\n\t\t<div class=\"elementor-element elementor-element-e0c5c62 e-flex e-con-boxed e-con e-parent\" data-id=\"e0c5c62\" data-element_type=\"container\" data-e-type=\"container\">\n\t\t\t\t\t<div class=\"e-con-inner\">\n\t\t\t\t<div class=\"elementor-element elementor-element-9063b10 elementor-widget elementor-widget-heading\" data-id=\"9063b10\" data-element_type=\"widget\" data-e-type=\"widget\" data-widget_type=\"heading.default\">\n\t\t\t\t<div class=\"elementor-widget-container\">\n\t\t\t\t\t<h2 class=\"elementor-heading-title elementor-size-default\">CONTACTO<\/h2>\t\t\t\t<\/div>\n\t\t\t\t<\/div>\n\t\t\t\t<div class=\"elementor-element elementor-element-dbb0135 elementor-widget__width-inherit elementor-widget elementor-widget-text-editor\" data-id=\"dbb0135\" data-element_type=\"widget\" data-e-type=\"widget\" data-widget_type=\"text-editor.default\">\n\t\t\t\t<div class=\"elementor-widget-container\">\n\t\t\t\t\t\t\t\t\t<p><a href=\"mailto:intramurs@gmail.com\">info@esclaustre.com<\/a><\/p><p>Josep Maria Fita<br \/><a href=\"mailto:josepmariafita@esclaustre.com\">josepmariafita@esclaustre.com<\/a><\/p><p>Josep Sampol<br \/><a href=\"mailto:josepsampol@esclaustre.com\">josepsampol@esclaustre.com<\/a><\/p>\t\t\t\t\t\t\t\t<\/div>\n\t\t\t\t<\/div>\n\t\t\t\t\t<\/div>\n\t\t\t\t<\/div>\n\t\t\t\t<\/div>\n\t\t","protected":false},"excerpt":{"rendered":"<p>[IM] IntraMurs Producciones es una plataforma independente que produce proyectos art\u00edsticos y eventos culturales, basadados en Menorca e integradados por Josep Maria Fita, Josep Sampol y Marc Bagur.<\/p>\n","protected":false},"author":1,"featured_media":10033,"parent":0,"menu_order":0,"comment_status":"closed","ping_status":"closed","template":"","meta":{"_acf_changed":false,"footnotes":""},"class_list":["post-1444","page","type-page","status-publish","has-post-thumbnail","hentry"],"acf":[],"_links":{"self":[{"href":"https:\/\/esclaustre.com\/es\/wp-json\/wp\/v2\/pages\/1444","targetHints":{"allow":["GET"]}}],"collection":[{"href":"https:\/\/esclaustre.com\/es\/wp-json\/wp\/v2\/pages"}],"about":[{"href":"https:\/\/esclaustre.com\/es\/wp-json\/wp\/v2\/types\/page"}],"author":[{"embeddable":true,"href":"https:\/\/esclaustre.com\/es\/wp-json\/wp\/v2\/users\/1"}],"replies":[{"embeddable":true,"href":"https:\/\/esclaustre.com\/es\/wp-json\/wp\/v2\/comments?post=1444"}],"version-history":[{"count":3,"href":"https:\/\/esclaustre.com\/es\/wp-json\/wp\/v2\/pages\/1444\/revisions"}],"predecessor-version":[{"id":30480,"href":"https:\/\/esclaustre.com\/es\/wp-json\/wp\/v2\/pages\/1444\/revisions\/30480"}],"wp:featuredmedia":[{"embeddable":true,"href":"https:\/\/esclaustre.com\/es\/wp-json\/wp\/v2\/media\/10033"}],"wp:attachment":[{"href":"https:\/\/esclaustre.com\/es\/wp-json\/wp\/v2\/media?parent=1444"}],"curies":[{"name":"wp","href":"https:\/\/api.w.org\/{rel}","templated":true}]}}