{"id":1497,"date":"2017-06-11T06:54:41","date_gmt":"2017-06-11T04:54:41","guid":{"rendered":"https:\/\/esclaustre.com\/contactar\/"},"modified":"2026-02-12T19:12:20","modified_gmt":"2026-02-12T18:12:20","slug":"contactar","status":"publish","type":"page","link":"https:\/\/esclaustre.com\/es\/contactar\/","title":{"rendered":"Contacto"},"content":{"rendered":"\t\t<div data-elementor-type=\"wp-page\" data-elementor-id=\"1497\" class=\"elementor elementor-1497 elementor-138\" data-elementor-post-type=\"page\">\n\t\t\t\t<div class=\"elementor-element elementor-element-a3e10ff e-flex e-con-boxed e-con e-parent\" data-id=\"a3e10ff\" data-element_type=\"container\" data-e-type=\"container\">\n\t\t\t\t\t<div class=\"e-con-inner\">\n\t\t\t\t<div class=\"elementor-element elementor-element-9b9d0d8 elementor-widget elementor-widget-heading\" data-id=\"9b9d0d8\" data-element_type=\"widget\" data-e-type=\"widget\" data-widget_type=\"heading.default\">\n\t\t\t\t<div class=\"elementor-widget-container\">\n\t\t\t\t\t<h2 class=\"elementor-heading-title elementor-size-default\">CONTACTO<\/h2>\t\t\t\t<\/div>\n\t\t\t\t<\/div>\n\t\t\t\t<div class=\"elementor-element elementor-element-baf7310 elementor-widget elementor-widget-heading\" data-id=\"baf7310\" data-element_type=\"widget\" data-e-type=\"widget\" data-widget_type=\"heading.default\">\n\t\t\t\t<div class=\"elementor-widget-container\">\n\t\t\t\t\t<h2 class=\"elementor-heading-title elementor-size-default\">INFORMACI\u00d3N GENERAL<\/h2>\t\t\t\t<\/div>\n\t\t\t\t<\/div>\n\t\t\t\t<div class=\"elementor-element elementor-element-3be9d43 elementor-widget__width-inherit elementor-widget elementor-widget-text-editor\" data-id=\"3be9d43\" data-element_type=\"widget\" data-e-type=\"widget\" data-widget_type=\"text-editor.default\">\n\t\t\t\t<div class=\"elementor-widget-container\">\n\t\t\t\t\t\t\t\t\t<div><p>Patio del Claustro del Carme, 50<br \/>07701 Mah\u00f3n Menorca Islas Baleares<\/p><\/div><div><p><a href=\"mailto:info@esclaustre.com\">info@esclaustre.com<\/a><br \/>+ 34 654 961 698<\/p><\/div>\t\t\t\t\t\t\t\t<\/div>\n\t\t\t\t<\/div>\n\t\t\t\t\t<\/div>\n\t\t\t\t<\/div>\n\t\t<div class=\"elementor-element elementor-element-2033d9d e-flex e-con-boxed e-con e-parent\" data-id=\"2033d9d\" data-element_type=\"container\" data-e-type=\"container\">\n\t\t\t\t\t<div class=\"e-con-inner\">\n\t\t<div class=\"elementor-element elementor-element-50c86f6 e-con-full e-flex e-con e-child\" data-id=\"50c86f6\" data-element_type=\"container\" data-e-type=\"container\">\n\t\t\t\t<div class=\"elementor-element elementor-element-d82bd14 elementor-widget elementor-widget-heading\" data-id=\"d82bd14\" data-element_type=\"widget\" data-e-type=\"widget\" data-widget_type=\"heading.default\">\n\t\t\t\t<div class=\"elementor-widget-container\">\n\t\t\t\t\t<h2 class=\"elementor-heading-title elementor-size-default\">PROGRAMACI\u00d3N MUSICAL Y WEB<\/h2>\t\t\t\t<\/div>\n\t\t\t\t<\/div>\n\t\t\t\t<div class=\"elementor-element elementor-element-94586c0 elementor-widget__width-inherit elementor-widget elementor-widget-text-editor\" data-id=\"94586c0\" data-element_type=\"widget\" data-e-type=\"widget\" data-widget_type=\"text-editor.default\">\n\t\t\t\t<div class=\"elementor-widget-container\">\n\t\t\t\t\t\t\t\t\t<div><p>Josep Mar\u00eda Fita<\/p><\/div><div><p><a href=\"mailto:info@esclaustre.com\">info@esclaustre.com<\/a><\/p><\/div>\t\t\t\t\t\t\t\t<\/div>\n\t\t\t\t<\/div>\n\t\t\t\t<\/div>\n\t\t<div class=\"elementor-element elementor-element-385cfa9 e-con-full e-flex e-con e-child\" data-id=\"385cfa9\" data-element_type=\"container\" data-e-type=\"container\">\n\t\t\t\t<div class=\"elementor-element elementor-element-c6c7547 elementor-widget elementor-widget-heading\" data-id=\"c6c7547\" data-element_type=\"widget\" data-e-type=\"widget\" data-widget_type=\"heading.default\">\n\t\t\t\t<div class=\"elementor-widget-container\">\n\t\t\t\t\t<h2 class=\"elementor-heading-title elementor-size-default\">ENTRADAS Y DISE\u00d1O<\/h2>\t\t\t\t<\/div>\n\t\t\t\t<\/div>\n\t\t\t\t<div class=\"elementor-element elementor-element-74c2a7c elementor-widget__width-inherit elementor-widget elementor-widget-text-editor\" data-id=\"74c2a7c\" data-element_type=\"widget\" data-e-type=\"widget\" data-widget_type=\"text-editor.default\">\n\t\t\t\t<div class=\"elementor-widget-container\">\n\t\t\t\t\t\t\t\t\t<div><p>Josep Sampol<\/p><\/div><div><p><a href=\"mailto:josepsampol@esclaustre.com\">josepsampol@esclaustre.com<\/a><br \/><br \/><\/p><\/div>\t\t\t\t\t\t\t\t<\/div>\n\t\t\t\t<\/div>\n\t\t\t\t<\/div>\n\t\t<div class=\"elementor-element elementor-element-e442f31 e-con-full e-flex e-con e-child\" data-id=\"e442f31\" data-element_type=\"container\" data-e-type=\"container\">\n\t\t\t\t<div class=\"elementor-element elementor-element-0a17a4f elementor-widget elementor-widget-heading\" data-id=\"0a17a4f\" data-element_type=\"widget\" data-e-type=\"widget\" data-widget_type=\"heading.default\">\n\t\t\t\t<div class=\"elementor-widget-container\">\n\t\t\t\t\t<h2 class=\"elementor-heading-title elementor-size-default\">DEPARTAMENTO<BR> T\u00c9CNICO<\/h2>\t\t\t\t<\/div>\n\t\t\t\t<\/div>\n\t\t\t\t<div class=\"elementor-element elementor-element-958e392 elementor-widget__width-inherit elementor-widget elementor-widget-text-editor\" data-id=\"958e392\" data-element_type=\"widget\" data-e-type=\"widget\" data-widget_type=\"text-editor.default\">\n\t\t\t\t<div class=\"elementor-widget-container\">\n\t\t\t\t\t\t\t\t\t<div><p>Albert Flores<\/p><\/div><div><p><a href=\"mailto:tecnica@esclaustre.com\">tecnica@esclaustre.com<\/a><\/p><\/div>\t\t\t\t\t\t\t\t<\/div>\n\t\t\t\t<\/div>\n\t\t\t\t<\/div>\n\t\t\t\t\t<\/div>\n\t\t\t\t<\/div>\n\t\t<div class=\"elementor-element elementor-element-51ff85b e-flex e-con-boxed e-con e-parent\" data-id=\"51ff85b\" data-element_type=\"container\" data-e-type=\"container\">\n\t\t\t\t\t<div class=\"e-con-inner\">\n\t\t\t\t<div class=\"elementor-element elementor-element-366235e elementor-widget elementor-widget-google_maps\" data-id=\"366235e\" data-element_type=\"widget\" data-e-type=\"widget\" data-widget_type=\"google_maps.default\">\n\t\t\t\t<div class=\"elementor-widget-container\">\n\t\t\t\t\t\t\t<div class=\"elementor-custom-embed\">\n\t\t\t<iframe loading=\"lazy\"\n\t\t\t\t\tsrc=\"https:\/\/maps.google.com\/maps?q=Es%20Claustre%2C%20Menorca&#038;t=m&#038;z=16&#038;output=embed&#038;iwloc=near\"\n\t\t\t\t\ttitle=\"Es Claustre, Menorca\"\n\t\t\t\t\taria-label=\"Es Claustre, Menorca\"\n\t\t\t><\/iframe>\n\t\t<\/div>\n\t\t\t\t\t\t<\/div>\n\t\t\t\t<\/div>\n\t\t\t\t\t<\/div>\n\t\t\t\t<\/div>\n\t\t\t\t<\/div>\n\t\t","protected":false},"excerpt":{"rendered":"<p>CONTACTO INFORMACI\u00d3N GENERAL Patio del Claustro del Carme, 5007701 Mah\u00f3n Menorca Islas Baleares info@esclaustre.com+ 34 654 961 698 PROGRAMACI\u00d3N MUSICAL Y WEB Josep Mar\u00eda Fita info@esclaustre.com ENTRADAS Y DISE\u00d1O Josep [&hellip;]<\/p>\n","protected":false},"author":1,"featured_media":0,"parent":0,"menu_order":0,"comment_status":"closed","ping_status":"closed","template":"","meta":{"_acf_changed":false,"footnotes":""},"class_list":["post-1497","page","type-page","status-publish","hentry"],"acf":[],"_links":{"self":[{"href":"https:\/\/esclaustre.com\/es\/wp-json\/wp\/v2\/pages\/1497","targetHints":{"allow":["GET"]}}],"collection":[{"href":"https:\/\/esclaustre.com\/es\/wp-json\/wp\/v2\/pages"}],"about":[{"href":"https:\/\/esclaustre.com\/es\/wp-json\/wp\/v2\/types\/page"}],"author":[{"embeddable":true,"href":"https:\/\/esclaustre.com\/es\/wp-json\/wp\/v2\/users\/1"}],"replies":[{"embeddable":true,"href":"https:\/\/esclaustre.com\/es\/wp-json\/wp\/v2\/comments?post=1497"}],"version-history":[{"count":6,"href":"https:\/\/esclaustre.com\/es\/wp-json\/wp\/v2\/pages\/1497\/revisions"}],"predecessor-version":[{"id":30483,"href":"https:\/\/esclaustre.com\/es\/wp-json\/wp\/v2\/pages\/1497\/revisions\/30483"}],"wp:attachment":[{"href":"https:\/\/esclaustre.com\/es\/wp-json\/wp\/v2\/media?parent=1497"}],"curies":[{"name":"wp","href":"https:\/\/api.w.org\/{rel}","templated":true}]}}